{"id":73045,"date":"2026-01-04T18:23:28","date_gmt":"2026-01-04T18:23:28","guid":{"rendered":"https:\/\/mitjavilaslowshop.com\/producte\/pipa-gira-sol-pelada-crua\/"},"modified":"2026-03-17T13:50:59","modified_gmt":"2026-03-17T13:50:59","slug":"semillas-de-girasol-peladas-crudas","status":"publish","type":"product","link":"https:\/\/mitjavilaslowshop.com\/es\/producte\/semillas-de-girasol-peladas-crudas\/","title":{"rendered":"SEMILLAS DE GIRASOL PELADAS CRUDAS"},"content":{"rendered":"<p>Las pipas de girasol peladas y crudas son un ingrediente nutritivo y vers\u00e1til, ideal para incorporar en ensaladas, bowls, granola o para consumir como un snack saludable. Son ricas en prote\u00ednas vegetales, fibra y grasas saludables, proporcionando energ\u00eda y nutrientes esenciales para una dieta equilibrada.<br \/>Origen: Bulgaria<\/p>\n","protected":false},"excerpt":{"rendered":"<p>Las pipas de girasol peladas y crudas son un ingrediente nutritivo y vers\u00e1til, ideal para incorporar en ensaladas, bowls, granola o para consumir como un snack saludable. Son ricas en prote\u00ednas vegetales, fibra y grasas saludables, proporcionando energ\u00eda y nutrientes esenciales para una dieta equilibrada.Origen: Bulgaria<\/p>\n","protected":false},"featured_media":73046,"comment_status":"open","ping_status":"closed","template":"","meta":{"_acf_changed":false,"_joinchat":[]},"product_brand":[440,572],"product_cat":[335],"product_tag":[],"class_list":{"0":"post-73045","1":"product","2":"type-product","3":"status-publish","4":"has-post-thumbnail","6":"product_brand-ecologic","7":"product_brand-gourmet","8":"product_cat-frutos-secos","9":"categoria-per-dieta-ecologic","10":"categoria-per-dieta-gourmet","12":"first","13":"instock","14":"taxable","15":"shipping-taxable","16":"purchasable","17":"product-type-variable"},"acf":[],"_links":{"self":[{"href":"https:\/\/mitjavilaslowshop.com\/es\/wp-json\/wp\/v2\/product\/73045","targetHints":{"allow":["GET"]}}],"collection":[{"href":"https:\/\/mitjavilaslowshop.com\/es\/wp-json\/wp\/v2\/product"}],"about":[{"href":"https:\/\/mitjavilaslowshop.com\/es\/wp-json\/wp\/v2\/types\/product"}],"replies":[{"embeddable":true,"href":"https:\/\/mitjavilaslowshop.com\/es\/wp-json\/wp\/v2\/comments?post=73045"}],"version-history":[{"count":6,"href":"https:\/\/mitjavilaslowshop.com\/es\/wp-json\/wp\/v2\/product\/73045\/revisions"}],"predecessor-version":[{"id":81705,"href":"https:\/\/mitjavilaslowshop.com\/es\/wp-json\/wp\/v2\/product\/73045\/revisions\/81705"}],"wp:featuredmedia":[{"embeddable":true,"href":"https:\/\/mitjavilaslowshop.com\/es\/wp-json\/wp\/v2\/media\/73046"}],"wp:attachment":[{"href":"https:\/\/mitjavilaslowshop.com\/es\/wp-json\/wp\/v2\/media?parent=73045"}],"wp:term":[{"taxonomy":"product_brand","embeddable":true,"href":"https:\/\/mitjavilaslowshop.com\/es\/wp-json\/wp\/v2\/product_brand?post=73045"},{"taxonomy":"product_cat","embeddable":true,"href":"https:\/\/mitjavilaslowshop.com\/es\/wp-json\/wp\/v2\/product_cat?post=73045"},{"taxonomy":"product_tag","embeddable":true,"href":"https:\/\/mitjavilaslowshop.com\/es\/wp-json\/wp\/v2\/product_tag?post=73045"}],"curies":[{"name":"wp","href":"https:\/\/api.w.org\/{rel}","templated":true}]}}