{"id":73041,"date":"2026-01-04T18:23:28","date_gmt":"2026-01-04T18:23:28","guid":{"rendered":"https:\/\/mitjavilaslowshop.com\/producte\/faves-fregides\/"},"modified":"2026-03-17T13:50:59","modified_gmt":"2026-03-17T13:50:59","slug":"habas-fritas","status":"publish","type":"product","link":"https:\/\/mitjavilaslowshop.com\/es\/producte\/habas-fritas\/","title":{"rendered":"HABAS FRITAS"},"content":{"rendered":"<p>Las habas fritas son un snack tradicional y delicioso, con una textura crujiente y un sabor intenso que las hace ideales para acompa\u00f1ar aperitivos, ensaladas o para consumir solas. Adem\u00e1s de su sabor, aportan prote\u00ednas vegetales, fibra y minerales, contribuyendo a una dieta equilibrada.<\/p>\n<p> Origen: nacional<\/p>\n","protected":false},"excerpt":{"rendered":"<p>Las habas fritas son un snack tradicional y delicioso, con una textura crujiente y un sabor intenso que las hace ideales para acompa\u00f1ar aperitivos, ensaladas o para consumir solas. Adem\u00e1s de su sabor, aportan prote\u00ednas vegetales, fibra y minerales, contribuyendo a una dieta equilibrada. Origen: nacional<\/p>\n","protected":false},"featured_media":73042,"comment_status":"open","ping_status":"closed","template":"","meta":{"_acf_changed":false,"_joinchat":[]},"product_brand":[440],"product_cat":[335],"product_tag":[],"class_list":{"0":"post-73041","1":"product","2":"type-product","3":"status-publish","4":"has-post-thumbnail","6":"product_brand-ecologic","7":"product_cat-frutos-secos","8":"categoria-per-dieta-ecologic","10":"first","11":"instock","12":"taxable","13":"shipping-taxable","14":"purchasable","15":"product-type-variable"},"acf":[],"_links":{"self":[{"href":"https:\/\/mitjavilaslowshop.com\/es\/wp-json\/wp\/v2\/product\/73041","targetHints":{"allow":["GET"]}}],"collection":[{"href":"https:\/\/mitjavilaslowshop.com\/es\/wp-json\/wp\/v2\/product"}],"about":[{"href":"https:\/\/mitjavilaslowshop.com\/es\/wp-json\/wp\/v2\/types\/product"}],"replies":[{"embeddable":true,"href":"https:\/\/mitjavilaslowshop.com\/es\/wp-json\/wp\/v2\/comments?post=73041"}],"version-history":[{"count":6,"href":"https:\/\/mitjavilaslowshop.com\/es\/wp-json\/wp\/v2\/product\/73041\/revisions"}],"predecessor-version":[{"id":81704,"href":"https:\/\/mitjavilaslowshop.com\/es\/wp-json\/wp\/v2\/product\/73041\/revisions\/81704"}],"wp:featuredmedia":[{"embeddable":true,"href":"https:\/\/mitjavilaslowshop.com\/es\/wp-json\/wp\/v2\/media\/73042"}],"wp:attachment":[{"href":"https:\/\/mitjavilaslowshop.com\/es\/wp-json\/wp\/v2\/media?parent=73041"}],"wp:term":[{"taxonomy":"product_brand","embeddable":true,"href":"https:\/\/mitjavilaslowshop.com\/es\/wp-json\/wp\/v2\/product_brand?post=73041"},{"taxonomy":"product_cat","embeddable":true,"href":"https:\/\/mitjavilaslowshop.com\/es\/wp-json\/wp\/v2\/product_cat?post=73041"},{"taxonomy":"product_tag","embeddable":true,"href":"https:\/\/mitjavilaslowshop.com\/es\/wp-json\/wp\/v2\/product_tag?post=73041"}],"curies":[{"name":"wp","href":"https:\/\/api.w.org\/{rel}","templated":true}]}}