{"id":73037,"date":"2026-01-04T18:23:29","date_gmt":"2026-01-04T18:23:29","guid":{"rendered":"https:\/\/mitjavilaslowshop.com\/producte\/nous-gra-mig\/"},"modified":"2026-03-23T18:40:10","modified_gmt":"2026-03-23T18:40:10","slug":"nueces-en-grano-medio","status":"publish","type":"product","link":"https:\/\/mitjavilaslowshop.com\/es\/producte\/nueces-en-grano-medio\/","title":{"rendered":"NUECES EN GRANO MEDIO"},"content":{"rendered":"<p>Las nueces enteras son un fruto seco sabroso y nutritivo, con un sabor profundo y una textura crujiente que las hace ideales para ensaladas, postres, granola o como un snack saludable. Son una fuente rica en omega-3, prote\u00ednas vegetales y antioxidantes, perfectas para proteger el coraz\u00f3n y proporcionar energ\u00eda de calidad.<br \/>\nOrigen: Nacional<\/p>\n","protected":false},"excerpt":{"rendered":"<p>Las nueces enteras son un fruto seco sabroso y nutritivo, con un sabor profundo y una textura crujiente que las hace ideales para ensaladas, postres, granola o como un snack saludable. Son una fuente rica en omega-3, prote\u00ednas vegetales y antioxidantes, perfectas para proteger el coraz\u00f3n y proporcionar energ\u00eda de calidad. Origen: Nacional<\/p>\n","protected":false},"featured_media":73038,"comment_status":"open","ping_status":"closed","template":"","meta":{"_acf_changed":false,"_joinchat":[]},"product_brand":[440],"product_cat":[335],"product_tag":[],"class_list":{"0":"post-73037","1":"product","2":"type-product","3":"status-publish","4":"has-post-thumbnail","6":"product_brand-ecologic","7":"product_cat-frutos-secos","8":"categoria-per-dieta-ecologic","10":"first","11":"instock","12":"taxable","13":"shipping-taxable","14":"purchasable","15":"product-type-variable"},"acf":[],"_links":{"self":[{"href":"https:\/\/mitjavilaslowshop.com\/es\/wp-json\/wp\/v2\/product\/73037","targetHints":{"allow":["GET"]}}],"collection":[{"href":"https:\/\/mitjavilaslowshop.com\/es\/wp-json\/wp\/v2\/product"}],"about":[{"href":"https:\/\/mitjavilaslowshop.com\/es\/wp-json\/wp\/v2\/types\/product"}],"replies":[{"embeddable":true,"href":"https:\/\/mitjavilaslowshop.com\/es\/wp-json\/wp\/v2\/comments?post=73037"}],"version-history":[{"count":7,"href":"https:\/\/mitjavilaslowshop.com\/es\/wp-json\/wp\/v2\/product\/73037\/revisions"}],"predecessor-version":[{"id":84089,"href":"https:\/\/mitjavilaslowshop.com\/es\/wp-json\/wp\/v2\/product\/73037\/revisions\/84089"}],"wp:featuredmedia":[{"embeddable":true,"href":"https:\/\/mitjavilaslowshop.com\/es\/wp-json\/wp\/v2\/media\/73038"}],"wp:attachment":[{"href":"https:\/\/mitjavilaslowshop.com\/es\/wp-json\/wp\/v2\/media?parent=73037"}],"wp:term":[{"taxonomy":"product_brand","embeddable":true,"href":"https:\/\/mitjavilaslowshop.com\/es\/wp-json\/wp\/v2\/product_brand?post=73037"},{"taxonomy":"product_cat","embeddable":true,"href":"https:\/\/mitjavilaslowshop.com\/es\/wp-json\/wp\/v2\/product_cat?post=73037"},{"taxonomy":"product_tag","embeddable":true,"href":"https:\/\/mitjavilaslowshop.com\/es\/wp-json\/wp\/v2\/product_tag?post=73037"}],"curies":[{"name":"wp","href":"https:\/\/api.w.org\/{rel}","templated":true}]}}