{"id":73033,"date":"2026-01-04T18:23:30","date_gmt":"2026-01-04T18:23:30","guid":{"rendered":"https:\/\/mitjavilaslowshop.com\/producte\/anacard-torrat\/"},"modified":"2026-03-17T13:50:59","modified_gmt":"2026-03-17T13:50:59","slug":"anacardo-tostado","status":"publish","type":"product","link":"https:\/\/mitjavilaslowshop.com\/es\/producte\/anacardo-tostado\/","title":{"rendered":"ANACARDO TOSTADO"},"content":{"rendered":"<p>El anacardo tostado es un fruto seco delicioso, con una textura suave y un sabor ligeramente dulce, ideal como snack o ingrediente para ensaladas, bowls y recetas innovadoras. Rico en prote\u00ednas vegetales, grasas saludables y minerales esenciales, es una opci\u00f3n nutritiva que favorece la salud cardiovascular y proporciona energ\u00eda de calidad.<br \/> Origen: Asia<\/p>\n","protected":false},"excerpt":{"rendered":"<p>El anacardo tostado es un fruto seco delicioso, con una textura suave y un sabor ligeramente dulce, ideal como snack o ingrediente para ensaladas, bowls y recetas innovadoras. Rico en prote\u00ednas vegetales, grasas saludables y minerales esenciales, es una opci\u00f3n nutritiva que favorece la salud cardiovascular y proporciona energ\u00eda de calidad. Origen: Asia<\/p>\n","protected":false},"featured_media":73034,"comment_status":"open","ping_status":"closed","template":"","meta":{"_acf_changed":false,"_joinchat":[]},"product_brand":[440,572],"product_cat":[335],"product_tag":[],"class_list":{"0":"post-73033","1":"product","2":"type-product","3":"status-publish","4":"has-post-thumbnail","6":"product_brand-ecologic","7":"product_brand-gourmet","8":"product_cat-frutos-secos","9":"categoria-per-dieta-ecologic","10":"categoria-per-dieta-gourmet","12":"first","13":"instock","14":"taxable","15":"shipping-taxable","16":"purchasable","17":"product-type-variable"},"acf":[],"_links":{"self":[{"href":"https:\/\/mitjavilaslowshop.com\/es\/wp-json\/wp\/v2\/product\/73033","targetHints":{"allow":["GET"]}}],"collection":[{"href":"https:\/\/mitjavilaslowshop.com\/es\/wp-json\/wp\/v2\/product"}],"about":[{"href":"https:\/\/mitjavilaslowshop.com\/es\/wp-json\/wp\/v2\/types\/product"}],"replies":[{"embeddable":true,"href":"https:\/\/mitjavilaslowshop.com\/es\/wp-json\/wp\/v2\/comments?post=73033"}],"version-history":[{"count":6,"href":"https:\/\/mitjavilaslowshop.com\/es\/wp-json\/wp\/v2\/product\/73033\/revisions"}],"predecessor-version":[{"id":81702,"href":"https:\/\/mitjavilaslowshop.com\/es\/wp-json\/wp\/v2\/product\/73033\/revisions\/81702"}],"wp:featuredmedia":[{"embeddable":true,"href":"https:\/\/mitjavilaslowshop.com\/es\/wp-json\/wp\/v2\/media\/73034"}],"wp:attachment":[{"href":"https:\/\/mitjavilaslowshop.com\/es\/wp-json\/wp\/v2\/media?parent=73033"}],"wp:term":[{"taxonomy":"product_brand","embeddable":true,"href":"https:\/\/mitjavilaslowshop.com\/es\/wp-json\/wp\/v2\/product_brand?post=73033"},{"taxonomy":"product_cat","embeddable":true,"href":"https:\/\/mitjavilaslowshop.com\/es\/wp-json\/wp\/v2\/product_cat?post=73033"},{"taxonomy":"product_tag","embeddable":true,"href":"https:\/\/mitjavilaslowshop.com\/es\/wp-json\/wp\/v2\/product_tag?post=73033"}],"curies":[{"name":"wp","href":"https:\/\/api.w.org\/{rel}","templated":true}]}}