{"id":73029,"date":"2026-01-04T18:23:30","date_gmt":"2026-01-04T18:23:30","guid":{"rendered":"https:\/\/mitjavilaslowshop.com\/producte\/pipa-carbassa-pelada-crua\/"},"modified":"2026-03-17T13:50:57","modified_gmt":"2026-03-17T13:50:57","slug":"calabaza-pelada-cruda-en-trozos","status":"publish","type":"product","link":"https:\/\/mitjavilaslowshop.com\/es\/producte\/calabaza-pelada-cruda-en-trozos\/","title":{"rendered":"CALABAZA PELADA CRUDA EN TROZOS"},"content":{"rendered":"<p>Las pipas de calabaza peladas y crudas son un ingrediente nutritivo y vers\u00e1til, ideal para incorporar en ensaladas, bowls, granola o para consumir como un snack saludable. Son ricas en prote\u00ednas vegetales, fibra y grasas saludables, adem\u00e1s de ser una excelente fuente de vitaminas, minerales y antioxidantes que favorecen una dieta equilibrada.<\/p>\n<p> Origen: China<\/p>\n","protected":false},"excerpt":{"rendered":"<p>Las pipas de calabaza peladas y crudas son un ingrediente nutritivo y vers\u00e1til, ideal para incorporar en ensaladas, bowls, granola o para consumir como un snack saludable. Son ricas en prote\u00ednas vegetales, fibra y grasas saludables, adem\u00e1s de ser una excelente fuente de vitaminas, minerales y antioxidantes que favorecen una dieta equilibrada. Origen: China<\/p>\n","protected":false},"featured_media":73030,"comment_status":"open","ping_status":"closed","template":"","meta":{"_acf_changed":false,"_joinchat":[]},"product_brand":[440],"product_cat":[335],"product_tag":[],"class_list":{"0":"post-73029","1":"product","2":"type-product","3":"status-publish","4":"has-post-thumbnail","6":"product_brand-ecologic","7":"product_cat-frutos-secos","8":"categoria-per-dieta-ecologic","10":"first","11":"instock","12":"taxable","13":"shipping-taxable","14":"purchasable","15":"product-type-variable"},"acf":[],"_links":{"self":[{"href":"https:\/\/mitjavilaslowshop.com\/es\/wp-json\/wp\/v2\/product\/73029","targetHints":{"allow":["GET"]}}],"collection":[{"href":"https:\/\/mitjavilaslowshop.com\/es\/wp-json\/wp\/v2\/product"}],"about":[{"href":"https:\/\/mitjavilaslowshop.com\/es\/wp-json\/wp\/v2\/types\/product"}],"replies":[{"embeddable":true,"href":"https:\/\/mitjavilaslowshop.com\/es\/wp-json\/wp\/v2\/comments?post=73029"}],"version-history":[{"count":6,"href":"https:\/\/mitjavilaslowshop.com\/es\/wp-json\/wp\/v2\/product\/73029\/revisions"}],"predecessor-version":[{"id":81701,"href":"https:\/\/mitjavilaslowshop.com\/es\/wp-json\/wp\/v2\/product\/73029\/revisions\/81701"}],"wp:featuredmedia":[{"embeddable":true,"href":"https:\/\/mitjavilaslowshop.com\/es\/wp-json\/wp\/v2\/media\/73030"}],"wp:attachment":[{"href":"https:\/\/mitjavilaslowshop.com\/es\/wp-json\/wp\/v2\/media?parent=73029"}],"wp:term":[{"taxonomy":"product_brand","embeddable":true,"href":"https:\/\/mitjavilaslowshop.com\/es\/wp-json\/wp\/v2\/product_brand?post=73029"},{"taxonomy":"product_cat","embeddable":true,"href":"https:\/\/mitjavilaslowshop.com\/es\/wp-json\/wp\/v2\/product_cat?post=73029"},{"taxonomy":"product_tag","embeddable":true,"href":"https:\/\/mitjavilaslowshop.com\/es\/wp-json\/wp\/v2\/product_tag?post=73029"}],"curies":[{"name":"wp","href":"https:\/\/api.w.org\/{rel}","templated":true}]}}