{"id":73021,"date":"2026-01-04T18:23:31","date_gmt":"2026-01-04T18:23:31","guid":{"rendered":"https:\/\/mitjavilaslowshop.com\/producte\/coctel-dietetic\/"},"modified":"2026-03-17T13:50:57","modified_gmt":"2026-03-17T13:50:57","slug":"coctel-dietetico","status":"publish","type":"product","link":"https:\/\/mitjavilaslowshop.com\/es\/producte\/coctel-dietetico\/","title":{"rendered":"C\u00d3CTEL DIET\u00c9TICO"},"content":{"rendered":"<p>El c\u00f3ctel de frutos secos diet\u00e9tico es una combinaci\u00f3n ideal para disfrutar de un snack nutritivo y delicioso. Incluye una selecci\u00f3n de frutos secos que aportan prote\u00ednas vegetales, fibra y grasas saludables, perfectos para una dieta equilibrada y energ\u00e9tica. Ideal para aperitivos, desayunos o para llevar contigo en cualquier momento.<br \/> Ingredientes: almendra, anacardo, avellana, nuez de macadamia, nuez, pasas, man\u00ed, coquitos.<br \/> Origen: nacional<\/p>\n","protected":false},"excerpt":{"rendered":"<p>El c\u00f3ctel de frutos secos diet\u00e9tico es una combinaci\u00f3n ideal para disfrutar de un snack nutritivo y delicioso. Incluye una selecci\u00f3n de frutos secos que aportan prote\u00ednas vegetales, fibra y grasas saludables, perfectos para una dieta equilibrada y energ\u00e9tica. Ideal para aperitivos, desayunos o para llevar contigo en cualquier momento. Ingredientes: almendra, anacardo, avellana, nuez de macadamia, nuez, pasas, man\u00ed, coquitos. Origen: nacional<\/p>\n","protected":false},"featured_media":73022,"comment_status":"open","ping_status":"closed","template":"","meta":{"_acf_changed":false,"_joinchat":[]},"product_brand":[440,572],"product_cat":[335],"product_tag":[],"class_list":{"0":"post-73021","1":"product","2":"type-product","3":"status-publish","4":"has-post-thumbnail","6":"product_brand-ecologic","7":"product_brand-gourmet","8":"product_cat-frutos-secos","9":"categoria-per-dieta-ecologic","10":"categoria-per-dieta-gourmet","12":"first","13":"instock","14":"taxable","15":"shipping-taxable","16":"purchasable","17":"product-type-variable"},"acf":[],"_links":{"self":[{"href":"https:\/\/mitjavilaslowshop.com\/es\/wp-json\/wp\/v2\/product\/73021","targetHints":{"allow":["GET"]}}],"collection":[{"href":"https:\/\/mitjavilaslowshop.com\/es\/wp-json\/wp\/v2\/product"}],"about":[{"href":"https:\/\/mitjavilaslowshop.com\/es\/wp-json\/wp\/v2\/types\/product"}],"replies":[{"embeddable":true,"href":"https:\/\/mitjavilaslowshop.com\/es\/wp-json\/wp\/v2\/comments?post=73021"}],"version-history":[{"count":6,"href":"https:\/\/mitjavilaslowshop.com\/es\/wp-json\/wp\/v2\/product\/73021\/revisions"}],"predecessor-version":[{"id":81699,"href":"https:\/\/mitjavilaslowshop.com\/es\/wp-json\/wp\/v2\/product\/73021\/revisions\/81699"}],"wp:featuredmedia":[{"embeddable":true,"href":"https:\/\/mitjavilaslowshop.com\/es\/wp-json\/wp\/v2\/media\/73022"}],"wp:attachment":[{"href":"https:\/\/mitjavilaslowshop.com\/es\/wp-json\/wp\/v2\/media?parent=73021"}],"wp:term":[{"taxonomy":"product_brand","embeddable":true,"href":"https:\/\/mitjavilaslowshop.com\/es\/wp-json\/wp\/v2\/product_brand?post=73021"},{"taxonomy":"product_cat","embeddable":true,"href":"https:\/\/mitjavilaslowshop.com\/es\/wp-json\/wp\/v2\/product_cat?post=73021"},{"taxonomy":"product_tag","embeddable":true,"href":"https:\/\/mitjavilaslowshop.com\/es\/wp-json\/wp\/v2\/product_tag?post=73021"}],"curies":[{"name":"wp","href":"https:\/\/api.w.org\/{rel}","templated":true}]}}