{"id":73017,"date":"2026-01-04T18:23:32","date_gmt":"2026-01-04T18:23:32","guid":{"rendered":"https:\/\/mitjavilaslowshop.com\/producte\/figues-coll-de-dama\/"},"modified":"2026-03-23T18:28:28","modified_gmt":"2026-03-23T18:28:28","slug":"higos-coll-de-dama","status":"publish","type":"product","link":"https:\/\/mitjavilaslowshop.com\/es\/producte\/higos-coll-de-dama\/","title":{"rendered":"HIGOS COLL DE DAMA"},"content":{"rendered":"<p>Los higos Coll de Dama deshidratados destacan por su sabor dulce y textura suave, ideales como snack o para enriquecer ensaladas, postres y diversas recetas. Su alto contenido en fibra, minerales y antioxidantes los convierte en una opci\u00f3n nutritiva para mantener tu energ\u00eda y una alimentaci\u00f3n equilibrada.<br \/>\nOrigen:<\/p>\n","protected":false},"excerpt":{"rendered":"<p>Los higos Coll de Dama deshidratados destacan por su sabor dulce y textura suave, ideales como snack o para enriquecer ensaladas, postres y diversas recetas. Su alto contenido en fibra, minerales y antioxidantes los convierte en una opci\u00f3n nutritiva para mantener tu energ\u00eda y una alimentaci\u00f3n equilibrada. Origen:<\/p>\n","protected":false},"featured_media":73018,"comment_status":"open","ping_status":"closed","template":"","meta":{"_acf_changed":false,"_joinchat":[]},"product_brand":[440,572],"product_cat":[335],"product_tag":[],"class_list":{"0":"post-73017","1":"product","2":"type-product","3":"status-publish","4":"has-post-thumbnail","6":"product_brand-ecologic","7":"product_brand-gourmet","8":"product_cat-frutos-secos","9":"categoria-per-dieta-ecologic","10":"categoria-per-dieta-gourmet","12":"first","13":"instock","14":"taxable","15":"shipping-taxable","16":"purchasable","17":"product-type-variable"},"acf":[],"_links":{"self":[{"href":"https:\/\/mitjavilaslowshop.com\/es\/wp-json\/wp\/v2\/product\/73017","targetHints":{"allow":["GET"]}}],"collection":[{"href":"https:\/\/mitjavilaslowshop.com\/es\/wp-json\/wp\/v2\/product"}],"about":[{"href":"https:\/\/mitjavilaslowshop.com\/es\/wp-json\/wp\/v2\/types\/product"}],"replies":[{"embeddable":true,"href":"https:\/\/mitjavilaslowshop.com\/es\/wp-json\/wp\/v2\/comments?post=73017"}],"version-history":[{"count":7,"href":"https:\/\/mitjavilaslowshop.com\/es\/wp-json\/wp\/v2\/product\/73017\/revisions"}],"predecessor-version":[{"id":84079,"href":"https:\/\/mitjavilaslowshop.com\/es\/wp-json\/wp\/v2\/product\/73017\/revisions\/84079"}],"wp:featuredmedia":[{"embeddable":true,"href":"https:\/\/mitjavilaslowshop.com\/es\/wp-json\/wp\/v2\/media\/73018"}],"wp:attachment":[{"href":"https:\/\/mitjavilaslowshop.com\/es\/wp-json\/wp\/v2\/media?parent=73017"}],"wp:term":[{"taxonomy":"product_brand","embeddable":true,"href":"https:\/\/mitjavilaslowshop.com\/es\/wp-json\/wp\/v2\/product_brand?post=73017"},{"taxonomy":"product_cat","embeddable":true,"href":"https:\/\/mitjavilaslowshop.com\/es\/wp-json\/wp\/v2\/product_cat?post=73017"},{"taxonomy":"product_tag","embeddable":true,"href":"https:\/\/mitjavilaslowshop.com\/es\/wp-json\/wp\/v2\/product_tag?post=73017"}],"curies":[{"name":"wp","href":"https:\/\/api.w.org\/{rel}","templated":true}]}}