{"id":73013,"date":"2026-01-04T18:23:32","date_gmt":"2026-01-04T18:23:32","guid":{"rendered":"https:\/\/mitjavilaslowshop.com\/producte\/pipes-amb-aigua-sal\/"},"modified":"2026-03-23T18:26:57","modified_gmt":"2026-03-23T18:26:57","slug":"pipas-con-agua-salada","status":"publish","type":"product","link":"https:\/\/mitjavilaslowshop.com\/es\/producte\/pipas-con-agua-salada\/","title":{"rendered":"PIPAS CON AGUA SALADA"},"content":{"rendered":"<p>Las pipas con agua y sal son un snack cl\u00e1sico y delicioso para los aficionados a los frutos secos. Su textura crujiente y el toque equilibrado de sal las convierten en el aperitivo perfecto, ideal para acompa\u00f1ar bebidas o a\u00f1adir un toque especial a tus recetas. Adem\u00e1s, aportan prote\u00ednas vegetales, fibra y minerales, contribuyendo a una dieta saludable.<br \/>\nOrigen:<\/p>\n","protected":false},"excerpt":{"rendered":"<p>Las pipas con agua y sal son un snack cl\u00e1sico y delicioso para los aficionados a los frutos secos. Su textura crujiente y el toque equilibrado de sal las convierten en el aperitivo perfecto, ideal para acompa\u00f1ar bebidas o a\u00f1adir un toque especial a tus recetas. Adem\u00e1s, aportan prote\u00ednas vegetales, fibra y minerales, contribuyendo a una dieta saludable. Origen:<\/p>\n","protected":false},"featured_media":73014,"comment_status":"open","ping_status":"closed","template":"","meta":{"_acf_changed":false,"_joinchat":[]},"product_brand":[440,572],"product_cat":[335],"product_tag":[],"class_list":{"0":"post-73013","1":"product","2":"type-product","3":"status-publish","4":"has-post-thumbnail","6":"product_brand-ecologic","7":"product_brand-gourmet","8":"product_cat-frutos-secos","9":"categoria-per-dieta-ecologic","10":"categoria-per-dieta-gourmet","12":"first","13":"instock","14":"taxable","15":"shipping-taxable","16":"purchasable","17":"product-type-variable"},"acf":[],"_links":{"self":[{"href":"https:\/\/mitjavilaslowshop.com\/es\/wp-json\/wp\/v2\/product\/73013","targetHints":{"allow":["GET"]}}],"collection":[{"href":"https:\/\/mitjavilaslowshop.com\/es\/wp-json\/wp\/v2\/product"}],"about":[{"href":"https:\/\/mitjavilaslowshop.com\/es\/wp-json\/wp\/v2\/types\/product"}],"replies":[{"embeddable":true,"href":"https:\/\/mitjavilaslowshop.com\/es\/wp-json\/wp\/v2\/comments?post=73013"}],"version-history":[{"count":7,"href":"https:\/\/mitjavilaslowshop.com\/es\/wp-json\/wp\/v2\/product\/73013\/revisions"}],"predecessor-version":[{"id":84078,"href":"https:\/\/mitjavilaslowshop.com\/es\/wp-json\/wp\/v2\/product\/73013\/revisions\/84078"}],"wp:featuredmedia":[{"embeddable":true,"href":"https:\/\/mitjavilaslowshop.com\/es\/wp-json\/wp\/v2\/media\/73014"}],"wp:attachment":[{"href":"https:\/\/mitjavilaslowshop.com\/es\/wp-json\/wp\/v2\/media?parent=73013"}],"wp:term":[{"taxonomy":"product_brand","embeddable":true,"href":"https:\/\/mitjavilaslowshop.com\/es\/wp-json\/wp\/v2\/product_brand?post=73013"},{"taxonomy":"product_cat","embeddable":true,"href":"https:\/\/mitjavilaslowshop.com\/es\/wp-json\/wp\/v2\/product_cat?post=73013"},{"taxonomy":"product_tag","embeddable":true,"href":"https:\/\/mitjavilaslowshop.com\/es\/wp-json\/wp\/v2\/product_tag?post=73013"}],"curies":[{"name":"wp","href":"https:\/\/api.w.org\/{rel}","templated":true}]}}