{"id":73009,"date":"2026-01-04T18:23:33","date_gmt":"2026-01-04T18:23:33","guid":{"rendered":"https:\/\/mitjavilaslowshop.com\/producte\/mango-daus\/"},"modified":"2026-03-17T13:50:56","modified_gmt":"2026-03-17T13:50:56","slug":"mango-en-cubos","status":"publish","type":"product","link":"https:\/\/mitjavilaslowshop.com\/es\/producte\/mango-en-cubos\/","title":{"rendered":"MANGO EN CUBOS"},"content":{"rendered":"<p>El mango deshidratado en dados es una opci\u00f3n deliciosa y nutritiva para quienes disfrutan de sabores ex\u00f3ticos. Elaborado con mango seleccionado y deshidratado de manera natural, este snack mantiene todas las propiedades y vitaminas de la fruta fresca, sin aditivos ni az\u00facares a\u00f1adidos.<br \/> Ideal para: snacks saludables entre comidas, a\u00f1adir a yogures, cereales y ensaladas, o para aportar un toque tropical a tus recetas dulces y saladas.<\/p>\n<p> Beneficios <\/p>\n<p> Alto contenido en fibra, que facilita la digesti\u00f3n.<br \/> Fuente natural de vitaminas A y C, con propiedades antioxidantes.<br \/> Energ\u00eda saludable para tu rutina diaria.<\/p>\n","protected":false},"excerpt":{"rendered":"<p>El mango deshidratado en dados es una opci\u00f3n deliciosa y nutritiva para quienes disfrutan de sabores ex\u00f3ticos. Elaborado con mango seleccionado y deshidratado de manera natural, este snack mantiene todas las propiedades y vitaminas de la fruta fresca, sin aditivos ni az\u00facares a\u00f1adidos. Ideal para: snacks saludables entre comidas, a\u00f1adir a yogures, cereales y ensaladas, o para aportar un toque tropical a tus recetas dulces y saladas. Beneficios Alto contenido en fibra, que facilita la digesti\u00f3n. Fuente natural de vitaminas A y C, con propiedades antioxidantes. Energ\u00eda saludable para tu rutina diaria.<\/p>\n","protected":false},"featured_media":73010,"comment_status":"open","ping_status":"closed","template":"","meta":{"_acf_changed":false,"_joinchat":[]},"product_brand":[440],"product_cat":[351],"product_tag":[],"class_list":{"0":"post-73009","1":"product","2":"type-product","3":"status-publish","4":"has-post-thumbnail","6":"product_brand-ecologic","7":"product_cat-frutas-y-caramelos","8":"categoria-per-dieta-ecologic","10":"first","11":"instock","12":"taxable","13":"shipping-taxable","14":"purchasable","15":"product-type-variable"},"acf":[],"_links":{"self":[{"href":"https:\/\/mitjavilaslowshop.com\/es\/wp-json\/wp\/v2\/product\/73009","targetHints":{"allow":["GET"]}}],"collection":[{"href":"https:\/\/mitjavilaslowshop.com\/es\/wp-json\/wp\/v2\/product"}],"about":[{"href":"https:\/\/mitjavilaslowshop.com\/es\/wp-json\/wp\/v2\/types\/product"}],"replies":[{"embeddable":true,"href":"https:\/\/mitjavilaslowshop.com\/es\/wp-json\/wp\/v2\/comments?post=73009"}],"version-history":[{"count":6,"href":"https:\/\/mitjavilaslowshop.com\/es\/wp-json\/wp\/v2\/product\/73009\/revisions"}],"predecessor-version":[{"id":81696,"href":"https:\/\/mitjavilaslowshop.com\/es\/wp-json\/wp\/v2\/product\/73009\/revisions\/81696"}],"wp:featuredmedia":[{"embeddable":true,"href":"https:\/\/mitjavilaslowshop.com\/es\/wp-json\/wp\/v2\/media\/73010"}],"wp:attachment":[{"href":"https:\/\/mitjavilaslowshop.com\/es\/wp-json\/wp\/v2\/media?parent=73009"}],"wp:term":[{"taxonomy":"product_brand","embeddable":true,"href":"https:\/\/mitjavilaslowshop.com\/es\/wp-json\/wp\/v2\/product_brand?post=73009"},{"taxonomy":"product_cat","embeddable":true,"href":"https:\/\/mitjavilaslowshop.com\/es\/wp-json\/wp\/v2\/product_cat?post=73009"},{"taxonomy":"product_tag","embeddable":true,"href":"https:\/\/mitjavilaslowshop.com\/es\/wp-json\/wp\/v2\/product_tag?post=73009"}],"curies":[{"name":"wp","href":"https:\/\/api.w.org\/{rel}","templated":true}]}}