{"id":73005,"date":"2026-01-04T18:23:33","date_gmt":"2026-01-04T18:23:33","guid":{"rendered":"https:\/\/mitjavilaslowshop.com\/producte\/banana-rodelles\/"},"modified":"2026-03-23T18:22:16","modified_gmt":"2026-03-23T18:22:16","slug":"rodajas-de-platano","status":"publish","type":"product","link":"https:\/\/mitjavilaslowshop.com\/es\/producte\/rodajas-de-platano\/","title":{"rendered":"RODAJAS DE PL\u00c1TANO"},"content":{"rendered":"<p>La banana en rodajas es una opci\u00f3n sabrosa y nutritiva para tus momentos de descanso. Elaborada con pl\u00e1tano maduro deshidratado de manera natural, mantiene todas las propiedades de la fruta fresca.<br \/>\nIdeal para: snacks saludables entre comidas, agregar a yogures, cereales y granola, o para dar textura y sabor a postres y batidos.<\/p>\n<p>Beneficios<br \/>\nAlta en potasio, perfecta para la recuperaci\u00f3n muscular.<br \/>\nFuente natural de energ\u00eda para tu rutina diaria.<\/p>\n","protected":false},"excerpt":{"rendered":"<p>La banana en rodajas es una opci\u00f3n sabrosa y nutritiva para tus momentos de descanso. Elaborada con pl\u00e1tano maduro deshidratado de manera natural, mantiene todas las propiedades de la fruta fresca. Ideal para: snacks saludables entre comidas, agregar a yogures, cereales y granola, o para dar textura y sabor a postres y batidos. Beneficios Alta en potasio, perfecta para la recuperaci\u00f3n muscular. Fuente natural de energ\u00eda para tu rutina diaria.<\/p>\n","protected":false},"featured_media":73006,"comment_status":"open","ping_status":"closed","template":"","meta":{"_acf_changed":false,"_joinchat":[]},"product_brand":[440,572],"product_cat":[351],"product_tag":[],"class_list":{"0":"post-73005","1":"product","2":"type-product","3":"status-publish","4":"has-post-thumbnail","6":"product_brand-ecologic","7":"product_brand-gourmet","8":"product_cat-frutas-y-caramelos","9":"categoria-per-dieta-ecologic","10":"categoria-per-dieta-gourmet","12":"first","13":"instock","14":"taxable","15":"shipping-taxable","16":"purchasable","17":"product-type-variable"},"acf":[],"_links":{"self":[{"href":"https:\/\/mitjavilaslowshop.com\/es\/wp-json\/wp\/v2\/product\/73005","targetHints":{"allow":["GET"]}}],"collection":[{"href":"https:\/\/mitjavilaslowshop.com\/es\/wp-json\/wp\/v2\/product"}],"about":[{"href":"https:\/\/mitjavilaslowshop.com\/es\/wp-json\/wp\/v2\/types\/product"}],"replies":[{"embeddable":true,"href":"https:\/\/mitjavilaslowshop.com\/es\/wp-json\/wp\/v2\/comments?post=73005"}],"version-history":[{"count":7,"href":"https:\/\/mitjavilaslowshop.com\/es\/wp-json\/wp\/v2\/product\/73005\/revisions"}],"predecessor-version":[{"id":84049,"href":"https:\/\/mitjavilaslowshop.com\/es\/wp-json\/wp\/v2\/product\/73005\/revisions\/84049"}],"wp:featuredmedia":[{"embeddable":true,"href":"https:\/\/mitjavilaslowshop.com\/es\/wp-json\/wp\/v2\/media\/73006"}],"wp:attachment":[{"href":"https:\/\/mitjavilaslowshop.com\/es\/wp-json\/wp\/v2\/media?parent=73005"}],"wp:term":[{"taxonomy":"product_brand","embeddable":true,"href":"https:\/\/mitjavilaslowshop.com\/es\/wp-json\/wp\/v2\/product_brand?post=73005"},{"taxonomy":"product_cat","embeddable":true,"href":"https:\/\/mitjavilaslowshop.com\/es\/wp-json\/wp\/v2\/product_cat?post=73005"},{"taxonomy":"product_tag","embeddable":true,"href":"https:\/\/mitjavilaslowshop.com\/es\/wp-json\/wp\/v2\/product_tag?post=73005"}],"curies":[{"name":"wp","href":"https:\/\/api.w.org\/{rel}","templated":true}]}}