{"id":73001,"date":"2026-01-04T18:23:34","date_gmt":"2026-01-04T18:23:34","guid":{"rendered":"https:\/\/mitjavilaslowshop.com\/producte\/datil-branca-argelia\/"},"modified":"2026-03-17T13:50:54","modified_gmt":"2026-03-17T13:50:54","slug":"datil-branca-argelia","status":"publish","type":"product","link":"https:\/\/mitjavilaslowshop.com\/es\/producte\/datil-branca-argelia\/","title":{"rendered":"DATIL BRANCA ARGELIA"},"content":{"rendered":"<p>Una fruta dulce y natural que aporta energ\u00eda y sabor a tu alimentaci\u00f3n. Cosechada y secada de manera tradicional, mantiene todas sus propiedades nutritivas. Sin aditivos ni az\u00facares a\u00f1adidos.<br \/> Ideal para: snacks saludables entre comidas, a\u00f1adir a yogures, cereales y ensaladas, y aportar un toque dulce a postres y platos salados.<\/p>\n<p> Beneficios:<\/p>\n<p> Alta en fibra, que facilita la digesti\u00f3n.<br \/> Fuente natural de potasio y magnesio, minerales esenciales.<br \/> Energ\u00eda natural perfecta para deportistas y dietas equilibradas.<br \/> Origen: Argelia<\/p>\n","protected":false},"excerpt":{"rendered":"<p>Una fruta dulce y natural que aporta energ\u00eda y sabor a tu alimentaci\u00f3n. Cosechada y secada de manera tradicional, mantiene todas sus propiedades nutritivas. Sin aditivos ni az\u00facares a\u00f1adidos. Ideal para: snacks saludables entre comidas, a\u00f1adir a yogures, cereales y ensaladas, y aportar un toque dulce a postres y platos salados. Beneficios: Alta en fibra, que facilita la digesti\u00f3n. Fuente natural de potasio y magnesio, minerales esenciales. Energ\u00eda natural perfecta para deportistas y dietas equilibradas. Origen: Argelia<\/p>\n","protected":false},"featured_media":73002,"comment_status":"open","ping_status":"closed","template":"","meta":{"_acf_changed":false,"_joinchat":[]},"product_brand":[440,572],"product_cat":[351],"product_tag":[],"class_list":{"0":"post-73001","1":"product","2":"type-product","3":"status-publish","4":"has-post-thumbnail","6":"product_brand-ecologic","7":"product_brand-gourmet","8":"product_cat-frutas-y-caramelos","9":"categoria-per-dieta-ecologic","10":"categoria-per-dieta-gourmet","12":"first","13":"instock","14":"taxable","15":"shipping-taxable","16":"purchasable","17":"product-type-variable"},"acf":[],"_links":{"self":[{"href":"https:\/\/mitjavilaslowshop.com\/es\/wp-json\/wp\/v2\/product\/73001","targetHints":{"allow":["GET"]}}],"collection":[{"href":"https:\/\/mitjavilaslowshop.com\/es\/wp-json\/wp\/v2\/product"}],"about":[{"href":"https:\/\/mitjavilaslowshop.com\/es\/wp-json\/wp\/v2\/types\/product"}],"replies":[{"embeddable":true,"href":"https:\/\/mitjavilaslowshop.com\/es\/wp-json\/wp\/v2\/comments?post=73001"}],"version-history":[{"count":6,"href":"https:\/\/mitjavilaslowshop.com\/es\/wp-json\/wp\/v2\/product\/73001\/revisions"}],"predecessor-version":[{"id":81694,"href":"https:\/\/mitjavilaslowshop.com\/es\/wp-json\/wp\/v2\/product\/73001\/revisions\/81694"}],"wp:featuredmedia":[{"embeddable":true,"href":"https:\/\/mitjavilaslowshop.com\/es\/wp-json\/wp\/v2\/media\/73002"}],"wp:attachment":[{"href":"https:\/\/mitjavilaslowshop.com\/es\/wp-json\/wp\/v2\/media?parent=73001"}],"wp:term":[{"taxonomy":"product_brand","embeddable":true,"href":"https:\/\/mitjavilaslowshop.com\/es\/wp-json\/wp\/v2\/product_brand?post=73001"},{"taxonomy":"product_cat","embeddable":true,"href":"https:\/\/mitjavilaslowshop.com\/es\/wp-json\/wp\/v2\/product_cat?post=73001"},{"taxonomy":"product_tag","embeddable":true,"href":"https:\/\/mitjavilaslowshop.com\/es\/wp-json\/wp\/v2\/product_tag?post=73001"}],"curies":[{"name":"wp","href":"https:\/\/api.w.org\/{rel}","templated":true}]}}