{"id":72997,"date":"2026-01-04T18:23:34","date_gmt":"2026-01-04T18:23:34","guid":{"rendered":"https:\/\/mitjavilaslowshop.com\/producte\/orellana-pressec-meitats\/"},"modified":"2026-03-17T13:50:54","modified_gmt":"2026-03-17T13:50:54","slug":"orellana-mitades-de-melocoton","status":"publish","type":"product","link":"https:\/\/mitjavilaslowshop.com\/es\/producte\/orellana-mitades-de-melocoton\/","title":{"rendered":"ORELLANA MITADES DE MELOCOT\u00d3N"},"content":{"rendered":"<p>La orejilla de melocot\u00f3n es una opci\u00f3n deliciosa para quienes prefieren fruta natural. Elaborada con melocotones seleccionados y deshidratados de manera tradicional, mantiene todo su sabor y nutrientes, sin aditivos ni az\u00facares a\u00f1adidos.<br \/> Ideal para: snacks saludables entre comidas, complementar yogures, cereales y ensaladas, o para dar un toque dulce y natural a postres y platos salados.<\/p>\n<p> Beneficios:<\/p>\n<p> Alta en fibra, que ayuda a la digesti\u00f3n.<br \/> Fuente natural de vitaminas A y C, con propiedades antioxidantes.<br \/> Proporciona energ\u00eda saludable para tu rutina diaria.<\/p>\n","protected":false},"excerpt":{"rendered":"<p>La orejilla de melocot\u00f3n es una opci\u00f3n deliciosa para quienes prefieren fruta natural. Elaborada con melocotones seleccionados y deshidratados de manera tradicional, mantiene todo su sabor y nutrientes, sin aditivos ni az\u00facares a\u00f1adidos. Ideal para: snacks saludables entre comidas, complementar yogures, cereales y ensaladas, o para dar un toque dulce y natural a postres y platos salados. Beneficios: Alta en fibra, que ayuda a la digesti\u00f3n. Fuente natural de vitaminas A y C, con propiedades antioxidantes. Proporciona energ\u00eda saludable para tu rutina diaria.<\/p>\n","protected":false},"featured_media":72998,"comment_status":"open","ping_status":"closed","template":"","meta":{"_acf_changed":false,"_joinchat":[]},"product_brand":[440,572],"product_cat":[351],"product_tag":[],"class_list":{"0":"post-72997","1":"product","2":"type-product","3":"status-publish","4":"has-post-thumbnail","6":"product_brand-ecologic","7":"product_brand-gourmet","8":"product_cat-frutas-y-caramelos","9":"categoria-per-dieta-ecologic","10":"categoria-per-dieta-gourmet","12":"first","13":"instock","14":"taxable","15":"shipping-taxable","16":"purchasable","17":"product-type-variable"},"acf":[],"_links":{"self":[{"href":"https:\/\/mitjavilaslowshop.com\/es\/wp-json\/wp\/v2\/product\/72997","targetHints":{"allow":["GET"]}}],"collection":[{"href":"https:\/\/mitjavilaslowshop.com\/es\/wp-json\/wp\/v2\/product"}],"about":[{"href":"https:\/\/mitjavilaslowshop.com\/es\/wp-json\/wp\/v2\/types\/product"}],"replies":[{"embeddable":true,"href":"https:\/\/mitjavilaslowshop.com\/es\/wp-json\/wp\/v2\/comments?post=72997"}],"version-history":[{"count":6,"href":"https:\/\/mitjavilaslowshop.com\/es\/wp-json\/wp\/v2\/product\/72997\/revisions"}],"predecessor-version":[{"id":81693,"href":"https:\/\/mitjavilaslowshop.com\/es\/wp-json\/wp\/v2\/product\/72997\/revisions\/81693"}],"wp:featuredmedia":[{"embeddable":true,"href":"https:\/\/mitjavilaslowshop.com\/es\/wp-json\/wp\/v2\/media\/72998"}],"wp:attachment":[{"href":"https:\/\/mitjavilaslowshop.com\/es\/wp-json\/wp\/v2\/media?parent=72997"}],"wp:term":[{"taxonomy":"product_brand","embeddable":true,"href":"https:\/\/mitjavilaslowshop.com\/es\/wp-json\/wp\/v2\/product_brand?post=72997"},{"taxonomy":"product_cat","embeddable":true,"href":"https:\/\/mitjavilaslowshop.com\/es\/wp-json\/wp\/v2\/product_cat?post=72997"},{"taxonomy":"product_tag","embeddable":true,"href":"https:\/\/mitjavilaslowshop.com\/es\/wp-json\/wp\/v2\/product_tag?post=72997"}],"curies":[{"name":"wp","href":"https:\/\/api.w.org\/{rel}","templated":true}]}}