{"id":72989,"date":"2026-01-04T18:23:36","date_gmt":"2026-01-04T18:23:36","guid":{"rendered":"https:\/\/mitjavilaslowshop.com\/producte\/papaia-sense-sucre\/"},"modified":"2026-03-17T13:50:54","modified_gmt":"2026-03-17T13:50:54","slug":"papaya-sin-azucar","status":"publish","type":"product","link":"https:\/\/mitjavilaslowshop.com\/es\/producte\/papaya-sin-azucar\/","title":{"rendered":"PAPAYA SIN AZ\u00daCAR"},"content":{"rendered":"<p>Una fruta ex\u00f3tica y deliciosa que aporta sabor y nutrientes esenciales a tu alimentaci\u00f3n. Elaborada con papaya seleccionada y deshidratada de forma natural, sin aditivos ni az\u00facares a\u00f1adidos, es ideal para cuidarte sin sacrificar el sabor.<br \/> Perfecta para snacks saludables entre comidas, para a\u00f1adir a yogures, cereales y ensaladas, y para dar un toque tropical a postres y platos salados.<\/p>\n<p> Beneficios:<\/p>\n<p> Alta en fibra, que facilita la digesti\u00f3n.<br \/> Fuente natural de vitamina A y antioxidantes.<br \/> Proporciona energ\u00eda natural para tu rutina diaria.<\/p>\n","protected":false},"excerpt":{"rendered":"<p>Una fruta ex\u00f3tica y deliciosa que aporta sabor y nutrientes esenciales a tu alimentaci\u00f3n. Elaborada con papaya seleccionada y deshidratada de forma natural, sin aditivos ni az\u00facares a\u00f1adidos, es ideal para cuidarte sin sacrificar el sabor. Perfecta para snacks saludables entre comidas, para a\u00f1adir a yogures, cereales y ensaladas, y para dar un toque tropical a postres y platos salados. Beneficios: Alta en fibra, que facilita la digesti\u00f3n. Fuente natural de vitamina A y antioxidantes. Proporciona energ\u00eda natural para tu rutina diaria.<\/p>\n","protected":false},"featured_media":72990,"comment_status":"open","ping_status":"closed","template":"","meta":{"_acf_changed":false,"_joinchat":[]},"product_brand":[440,572,573],"product_cat":[351],"product_tag":[],"class_list":{"0":"post-72989","1":"product","2":"type-product","3":"status-publish","4":"has-post-thumbnail","6":"product_brand-ecologic","7":"product_brand-gourmet","8":"product_brand-vega","9":"product_cat-frutas-y-caramelos","10":"categoria-per-dieta-ecologic","11":"categoria-per-dieta-gourmet","12":"categoria-per-dieta-vega","14":"first","15":"instock","16":"taxable","17":"shipping-taxable","18":"purchasable","19":"product-type-variable"},"acf":[],"_links":{"self":[{"href":"https:\/\/mitjavilaslowshop.com\/es\/wp-json\/wp\/v2\/product\/72989","targetHints":{"allow":["GET"]}}],"collection":[{"href":"https:\/\/mitjavilaslowshop.com\/es\/wp-json\/wp\/v2\/product"}],"about":[{"href":"https:\/\/mitjavilaslowshop.com\/es\/wp-json\/wp\/v2\/types\/product"}],"replies":[{"embeddable":true,"href":"https:\/\/mitjavilaslowshop.com\/es\/wp-json\/wp\/v2\/comments?post=72989"}],"version-history":[{"count":6,"href":"https:\/\/mitjavilaslowshop.com\/es\/wp-json\/wp\/v2\/product\/72989\/revisions"}],"predecessor-version":[{"id":81691,"href":"https:\/\/mitjavilaslowshop.com\/es\/wp-json\/wp\/v2\/product\/72989\/revisions\/81691"}],"wp:featuredmedia":[{"embeddable":true,"href":"https:\/\/mitjavilaslowshop.com\/es\/wp-json\/wp\/v2\/media\/72990"}],"wp:attachment":[{"href":"https:\/\/mitjavilaslowshop.com\/es\/wp-json\/wp\/v2\/media?parent=72989"}],"wp:term":[{"taxonomy":"product_brand","embeddable":true,"href":"https:\/\/mitjavilaslowshop.com\/es\/wp-json\/wp\/v2\/product_brand?post=72989"},{"taxonomy":"product_cat","embeddable":true,"href":"https:\/\/mitjavilaslowshop.com\/es\/wp-json\/wp\/v2\/product_cat?post=72989"},{"taxonomy":"product_tag","embeddable":true,"href":"https:\/\/mitjavilaslowshop.com\/es\/wp-json\/wp\/v2\/product_tag?post=72989"}],"curies":[{"name":"wp","href":"https:\/\/api.w.org\/{rel}","templated":true}]}}