{"id":72985,"date":"2026-01-04T18:23:36","date_gmt":"2026-01-04T18:23:36","guid":{"rendered":"https:\/\/mitjavilaslowshop.com\/producte\/sindria\/"},"modified":"2026-03-19T23:05:27","modified_gmt":"2026-03-19T23:05:27","slug":"sindria","status":"publish","type":"product","link":"https:\/\/mitjavilaslowshop.com\/es\/producte\/sindria\/","title":{"rendered":"SAND\u00cdA"},"content":{"rendered":"<p>Una fruta ex\u00f3tica y deliciosa que conserva todo el sabor natural de la sand\u00eda fresca. Elaborada con sand\u00eda seleccionada y deshidratada de forma tradicional, sin aditivos ni az\u00facares a\u00f1adidos, es perfecta para cuidarte sin renunciar al gusto.<br \/>\nPerfecta para snacks saludables entre horas, a\u00f1adir a yogures, cereales y ensaladas y dar un toque dulce y refrescante a postres y platos salados.<\/p>\n<p>Beneficios:<\/p>\n<p>Rica en antioxidantes y minerales esenciales.<br \/>\nFuente de energ\u00eda natural para su d\u00eda a d\u00eda.<\/p>\n","protected":false},"excerpt":{"rendered":"<p>Una fruta ex\u00f3tica y deliciosa que conserva todo el sabor natural de la sand\u00eda fresca. Elaborada con sand\u00eda seleccionada y deshidratada de forma tradicional, sin aditivos ni az\u00facares a\u00f1adidos, es perfecta para cuidarte sin renunciar al gusto.<br \/>\nPerfecta para snacks saludables entre horas, a\u00f1adir a yogures, cereales y ensaladas y dar un toque dulce y refrescante a postres y platos salados.<\/p>\n<p>Beneficios:<\/p>\n<p>Rica en antioxidantes y minerales esenciales.<br \/>\nFuente de energ\u00eda natural para su d\u00eda a d\u00eda.<\/p>\n","protected":false},"featured_media":72986,"comment_status":"open","ping_status":"closed","template":"","meta":{"_acf_changed":false,"_joinchat":[]},"product_brand":[440,572,573],"product_cat":[351],"product_tag":[],"class_list":{"0":"post-72985","1":"product","2":"type-product","3":"status-publish","4":"has-post-thumbnail","6":"product_brand-ecologic","7":"product_brand-gourmet","8":"product_brand-vega","9":"product_cat-frutas-y-caramelos","10":"categoria-per-dieta-ecologic","11":"categoria-per-dieta-gourmet","12":"categoria-per-dieta-vega","14":"first","15":"instock","16":"taxable","17":"shipping-taxable","18":"purchasable","19":"product-type-variable"},"acf":[],"_links":{"self":[{"href":"https:\/\/mitjavilaslowshop.com\/es\/wp-json\/wp\/v2\/product\/72985","targetHints":{"allow":["GET"]}}],"collection":[{"href":"https:\/\/mitjavilaslowshop.com\/es\/wp-json\/wp\/v2\/product"}],"about":[{"href":"https:\/\/mitjavilaslowshop.com\/es\/wp-json\/wp\/v2\/types\/product"}],"replies":[{"embeddable":true,"href":"https:\/\/mitjavilaslowshop.com\/es\/wp-json\/wp\/v2\/comments?post=72985"}],"version-history":[{"count":10,"href":"https:\/\/mitjavilaslowshop.com\/es\/wp-json\/wp\/v2\/product\/72985\/revisions"}],"predecessor-version":[{"id":83897,"href":"https:\/\/mitjavilaslowshop.com\/es\/wp-json\/wp\/v2\/product\/72985\/revisions\/83897"}],"wp:featuredmedia":[{"embeddable":true,"href":"https:\/\/mitjavilaslowshop.com\/es\/wp-json\/wp\/v2\/media\/72986"}],"wp:attachment":[{"href":"https:\/\/mitjavilaslowshop.com\/es\/wp-json\/wp\/v2\/media?parent=72985"}],"wp:term":[{"taxonomy":"product_brand","embeddable":true,"href":"https:\/\/mitjavilaslowshop.com\/es\/wp-json\/wp\/v2\/product_brand?post=72985"},{"taxonomy":"product_cat","embeddable":true,"href":"https:\/\/mitjavilaslowshop.com\/es\/wp-json\/wp\/v2\/product_cat?post=72985"},{"taxonomy":"product_tag","embeddable":true,"href":"https:\/\/mitjavilaslowshop.com\/es\/wp-json\/wp\/v2\/product_tag?post=72985"}],"curies":[{"name":"wp","href":"https:\/\/api.w.org\/{rel}","templated":true}]}}