{"id":72981,"date":"2026-01-04T18:23:36","date_gmt":"2026-01-04T18:23:36","guid":{"rendered":"https:\/\/mitjavilaslowshop.com\/producte\/melo-sense-sucre\/"},"modified":"2026-03-17T13:50:54","modified_gmt":"2026-03-17T13:50:54","slug":"melo-sin-azucar","status":"publish","type":"product","link":"https:\/\/mitjavilaslowshop.com\/es\/producte\/melo-sin-azucar\/","title":{"rendered":"MELO SIN AZ\u00daCAR"},"content":{"rendered":"<p>Una fruta ligera y sabrosa que conserva el aut\u00e9ntico sabor del mel\u00f3n fresco. Elaborada con melones seleccionados y deshidratados de manera tradicional, sin aditivos ni az\u00facares a\u00f1adidos, es ideal para cuidarte sin renunciar al sabor.<br \/> Perfecta como snack saludable entre comidas, para a\u00f1adir a yogures, cereales y ensaladas, y para aportar un toque dulce y refrescante a postres y platos salados.<\/p>\n<p> Beneficios:<\/p>\n<p> Alta en fibra y minerales esenciales.<br \/> Fuente natural de energ\u00eda para tu rutina diaria.<br \/> Sin gluten y apta para dietas veganas.<\/p>\n","protected":false},"excerpt":{"rendered":"<p>Una fruta ligera y sabrosa que conserva el aut\u00e9ntico sabor del mel\u00f3n fresco. Elaborada con melones seleccionados y deshidratados de manera tradicional, sin aditivos ni az\u00facares a\u00f1adidos, es ideal para cuidarte sin renunciar al sabor. Perfecta como snack saludable entre comidas, para a\u00f1adir a yogures, cereales y ensaladas, y para aportar un toque dulce y refrescante a postres y platos salados. Beneficios: Alta en fibra y minerales esenciales. Fuente natural de energ\u00eda para tu rutina diaria. Sin gluten y apta para dietas veganas.<\/p>\n","protected":false},"featured_media":72982,"comment_status":"open","ping_status":"closed","template":"","meta":{"_acf_changed":false,"_joinchat":[]},"product_brand":[440,573],"product_cat":[351],"product_tag":[],"class_list":{"0":"post-72981","1":"product","2":"type-product","3":"status-publish","4":"has-post-thumbnail","6":"product_brand-ecologic","7":"product_brand-vega","8":"product_cat-frutas-y-caramelos","9":"categoria-per-dieta-ecologic","10":"categoria-per-dieta-vega","12":"first","13":"instock","14":"taxable","15":"shipping-taxable","16":"purchasable","17":"product-type-variable"},"acf":[],"_links":{"self":[{"href":"https:\/\/mitjavilaslowshop.com\/es\/wp-json\/wp\/v2\/product\/72981","targetHints":{"allow":["GET"]}}],"collection":[{"href":"https:\/\/mitjavilaslowshop.com\/es\/wp-json\/wp\/v2\/product"}],"about":[{"href":"https:\/\/mitjavilaslowshop.com\/es\/wp-json\/wp\/v2\/types\/product"}],"replies":[{"embeddable":true,"href":"https:\/\/mitjavilaslowshop.com\/es\/wp-json\/wp\/v2\/comments?post=72981"}],"version-history":[{"count":6,"href":"https:\/\/mitjavilaslowshop.com\/es\/wp-json\/wp\/v2\/product\/72981\/revisions"}],"predecessor-version":[{"id":81689,"href":"https:\/\/mitjavilaslowshop.com\/es\/wp-json\/wp\/v2\/product\/72981\/revisions\/81689"}],"wp:featuredmedia":[{"embeddable":true,"href":"https:\/\/mitjavilaslowshop.com\/es\/wp-json\/wp\/v2\/media\/72982"}],"wp:attachment":[{"href":"https:\/\/mitjavilaslowshop.com\/es\/wp-json\/wp\/v2\/media?parent=72981"}],"wp:term":[{"taxonomy":"product_brand","embeddable":true,"href":"https:\/\/mitjavilaslowshop.com\/es\/wp-json\/wp\/v2\/product_brand?post=72981"},{"taxonomy":"product_cat","embeddable":true,"href":"https:\/\/mitjavilaslowshop.com\/es\/wp-json\/wp\/v2\/product_cat?post=72981"},{"taxonomy":"product_tag","embeddable":true,"href":"https:\/\/mitjavilaslowshop.com\/es\/wp-json\/wp\/v2\/product_tag?post=72981"}],"curies":[{"name":"wp","href":"https:\/\/api.w.org\/{rel}","templated":true}]}}