{"id":72977,"date":"2026-01-04T18:23:37","date_gmt":"2026-01-04T18:23:37","guid":{"rendered":"https:\/\/mitjavilaslowshop.com\/producte\/panses-sultana\/"},"modified":"2026-03-17T13:50:54","modified_gmt":"2026-03-17T13:50:54","slug":"pasas-sultana","status":"publish","type":"product","link":"https:\/\/mitjavilaslowshop.com\/es\/producte\/pasas-sultana\/","title":{"rendered":"PASAS SULTANA"},"content":{"rendered":"<p>Una fruta deshidratada dulce y nutritiva que aporta energ\u00eda y sabor a tu alimentaci\u00f3n. Elaboradas con uvas seleccionadas y deshidratadas de forma natural, sin aditivos ni az\u00facares a\u00f1adidos, son ideales para cuidarte sin renunciar al sabor.<br \/> Perfectas como snack saludable entre comidas, para incorporar en yogures, cereales y ensaladas, y para a\u00f1adir un toque dulce a postres, panes y platos salados.<\/p>\n<p> Beneficios:<\/p>\n<p> Altas en fibra y antioxidantes naturales.<br \/> Fuente natural de energ\u00eda para tu rutina diaria.<br \/> Origen: Turqu\u00eda<\/p>\n","protected":false},"excerpt":{"rendered":"<p>Una fruta deshidratada dulce y nutritiva que aporta energ\u00eda y sabor a tu alimentaci\u00f3n. Elaboradas con uvas seleccionadas y deshidratadas de forma natural, sin aditivos ni az\u00facares a\u00f1adidos, son ideales para cuidarte sin renunciar al sabor. Perfectas como snack saludable entre comidas, para incorporar en yogures, cereales y ensaladas, y para a\u00f1adir un toque dulce a postres, panes y platos salados. Beneficios: Altas en fibra y antioxidantes naturales. Fuente natural de energ\u00eda para tu rutina diaria. Origen: Turqu\u00eda<\/p>\n","protected":false},"featured_media":72978,"comment_status":"open","ping_status":"closed","template":"","meta":{"_acf_changed":false,"_joinchat":[]},"product_brand":[440],"product_cat":[351],"product_tag":[],"class_list":{"0":"post-72977","1":"product","2":"type-product","3":"status-publish","4":"has-post-thumbnail","6":"product_brand-ecologic","7":"product_cat-frutas-y-caramelos","8":"categoria-per-dieta-ecologic","10":"first","11":"instock","12":"taxable","13":"shipping-taxable","14":"purchasable","15":"product-type-variable"},"acf":[],"_links":{"self":[{"href":"https:\/\/mitjavilaslowshop.com\/es\/wp-json\/wp\/v2\/product\/72977","targetHints":{"allow":["GET"]}}],"collection":[{"href":"https:\/\/mitjavilaslowshop.com\/es\/wp-json\/wp\/v2\/product"}],"about":[{"href":"https:\/\/mitjavilaslowshop.com\/es\/wp-json\/wp\/v2\/types\/product"}],"replies":[{"embeddable":true,"href":"https:\/\/mitjavilaslowshop.com\/es\/wp-json\/wp\/v2\/comments?post=72977"}],"version-history":[{"count":6,"href":"https:\/\/mitjavilaslowshop.com\/es\/wp-json\/wp\/v2\/product\/72977\/revisions"}],"predecessor-version":[{"id":81688,"href":"https:\/\/mitjavilaslowshop.com\/es\/wp-json\/wp\/v2\/product\/72977\/revisions\/81688"}],"wp:featuredmedia":[{"embeddable":true,"href":"https:\/\/mitjavilaslowshop.com\/es\/wp-json\/wp\/v2\/media\/72978"}],"wp:attachment":[{"href":"https:\/\/mitjavilaslowshop.com\/es\/wp-json\/wp\/v2\/media?parent=72977"}],"wp:term":[{"taxonomy":"product_brand","embeddable":true,"href":"https:\/\/mitjavilaslowshop.com\/es\/wp-json\/wp\/v2\/product_brand?post=72977"},{"taxonomy":"product_cat","embeddable":true,"href":"https:\/\/mitjavilaslowshop.com\/es\/wp-json\/wp\/v2\/product_cat?post=72977"},{"taxonomy":"product_tag","embeddable":true,"href":"https:\/\/mitjavilaslowshop.com\/es\/wp-json\/wp\/v2\/product_tag?post=72977"}],"curies":[{"name":"wp","href":"https:\/\/api.w.org\/{rel}","templated":true}]}}