{"id":72941,"date":"2026-01-04T18:23:44","date_gmt":"2026-01-04T18:23:44","guid":{"rendered":"https:\/\/mitjavilaslowshop.com\/producte\/pruna-amb-pinyol\/"},"modified":"2026-03-17T13:50:48","modified_gmt":"2026-03-17T13:50:48","slug":"pruna-con-hueso","status":"publish","type":"product","link":"https:\/\/mitjavilaslowshop.com\/es\/producte\/pruna-con-hueso\/","title":{"rendered":"PRUNA CON HUESO"},"content":{"rendered":"<p>Una fruta dulce y nutritiva que mantiene todas sus propiedades naturales. Elaborada con ciruelas seleccionadas y deshidratadas de manera tradicional, sin aditivos ni az\u00facares a\u00f1adidos, es ideal para cuidarte sin sacrificar el sabor.<br \/> Perfecta para snacks saludables entre comidas, para a\u00f1adir a yogures, cereales y ensaladas, o para dar un toque dulce a postres y platos salados.<\/p>\n<p> Beneficios:<\/p>\n<p> Alta en fibra, que facilita la digesti\u00f3n.<br \/> Fuente natural de antioxidantes.<br \/> Proporciona energ\u00eda saludable para tu rutina diaria.<\/p>\n<p> Origen: nacional<\/p>\n","protected":false},"excerpt":{"rendered":"<p>Una fruta dulce y nutritiva que mantiene todas sus propiedades naturales. Elaborada con ciruelas seleccionadas y deshidratadas de manera tradicional, sin aditivos ni az\u00facares a\u00f1adidos, es ideal para cuidarte sin sacrificar el sabor. Perfecta para snacks saludables entre comidas, para a\u00f1adir a yogures, cereales y ensaladas, o para dar un toque dulce a postres y platos salados. Beneficios: Alta en fibra, que facilita la digesti\u00f3n. Fuente natural de antioxidantes. Proporciona energ\u00eda saludable para tu rutina diaria. Origen: nacional<\/p>\n","protected":false},"featured_media":72942,"comment_status":"open","ping_status":"closed","template":"","meta":{"_acf_changed":false,"_joinchat":[]},"product_brand":[440],"product_cat":[351],"product_tag":[],"class_list":{"0":"post-72941","1":"product","2":"type-product","3":"status-publish","4":"has-post-thumbnail","6":"product_brand-ecologic","7":"product_cat-frutas-y-caramelos","8":"categoria-per-dieta-ecologic","10":"first","11":"instock","12":"taxable","13":"shipping-taxable","14":"purchasable","15":"product-type-variable","16":"has-default-attributes"},"acf":[],"_links":{"self":[{"href":"https:\/\/mitjavilaslowshop.com\/es\/wp-json\/wp\/v2\/product\/72941","targetHints":{"allow":["GET"]}}],"collection":[{"href":"https:\/\/mitjavilaslowshop.com\/es\/wp-json\/wp\/v2\/product"}],"about":[{"href":"https:\/\/mitjavilaslowshop.com\/es\/wp-json\/wp\/v2\/types\/product"}],"replies":[{"embeddable":true,"href":"https:\/\/mitjavilaslowshop.com\/es\/wp-json\/wp\/v2\/comments?post=72941"}],"version-history":[{"count":6,"href":"https:\/\/mitjavilaslowshop.com\/es\/wp-json\/wp\/v2\/product\/72941\/revisions"}],"predecessor-version":[{"id":81684,"href":"https:\/\/mitjavilaslowshop.com\/es\/wp-json\/wp\/v2\/product\/72941\/revisions\/81684"}],"wp:featuredmedia":[{"embeddable":true,"href":"https:\/\/mitjavilaslowshop.com\/es\/wp-json\/wp\/v2\/media\/72942"}],"wp:attachment":[{"href":"https:\/\/mitjavilaslowshop.com\/es\/wp-json\/wp\/v2\/media?parent=72941"}],"wp:term":[{"taxonomy":"product_brand","embeddable":true,"href":"https:\/\/mitjavilaslowshop.com\/es\/wp-json\/wp\/v2\/product_brand?post=72941"},{"taxonomy":"product_cat","embeddable":true,"href":"https:\/\/mitjavilaslowshop.com\/es\/wp-json\/wp\/v2\/product_cat?post=72941"},{"taxonomy":"product_tag","embeddable":true,"href":"https:\/\/mitjavilaslowshop.com\/es\/wp-json\/wp\/v2\/product_tag?post=72941"}],"curies":[{"name":"wp","href":"https:\/\/api.w.org\/{rel}","templated":true}]}}