{"id":72925,"date":"2026-01-04T18:23:46","date_gmt":"2026-01-04T18:23:46","guid":{"rendered":"https:\/\/mitjavilaslowshop.com\/producte\/nabiu-vermell\/"},"modified":"2026-03-17T13:50:46","modified_gmt":"2026-03-17T13:50:46","slug":"nabiu-rojo","status":"publish","type":"product","link":"https:\/\/mitjavilaslowshop.com\/es\/producte\/nabiu-rojo\/","title":{"rendered":"NABI\u00da ROJO"},"content":{"rendered":"<p>Los ar\u00e1ndanos son reconocidos por sus propiedades antioxidantes y su sabor dulce con un toque \u00e1cido, ideales para a\u00f1adir en desayunos, snacks o recetas creativas.<br \/> Origen: Norteam\u00e9rica<\/p>\n","protected":false},"excerpt":{"rendered":"<p>Los ar\u00e1ndanos son reconocidos por sus propiedades antioxidantes y su sabor dulce con un toque \u00e1cido, ideales para a\u00f1adir en desayunos, snacks o recetas creativas. Origen: Norteam\u00e9rica<\/p>\n","protected":false},"featured_media":72926,"comment_status":"open","ping_status":"closed","template":"","meta":{"_acf_changed":false,"_joinchat":[]},"product_brand":[440,572],"product_cat":[351],"product_tag":[],"class_list":{"0":"post-72925","1":"product","2":"type-product","3":"status-publish","4":"has-post-thumbnail","6":"product_brand-ecologic","7":"product_brand-gourmet","8":"product_cat-frutas-y-caramelos","9":"categoria-per-dieta-ecologic","10":"categoria-per-dieta-gourmet","12":"first","13":"instock","14":"taxable","15":"shipping-taxable","16":"purchasable","17":"product-type-variable"},"acf":[],"_links":{"self":[{"href":"https:\/\/mitjavilaslowshop.com\/es\/wp-json\/wp\/v2\/product\/72925","targetHints":{"allow":["GET"]}}],"collection":[{"href":"https:\/\/mitjavilaslowshop.com\/es\/wp-json\/wp\/v2\/product"}],"about":[{"href":"https:\/\/mitjavilaslowshop.com\/es\/wp-json\/wp\/v2\/types\/product"}],"replies":[{"embeddable":true,"href":"https:\/\/mitjavilaslowshop.com\/es\/wp-json\/wp\/v2\/comments?post=72925"}],"version-history":[{"count":6,"href":"https:\/\/mitjavilaslowshop.com\/es\/wp-json\/wp\/v2\/product\/72925\/revisions"}],"predecessor-version":[{"id":81680,"href":"https:\/\/mitjavilaslowshop.com\/es\/wp-json\/wp\/v2\/product\/72925\/revisions\/81680"}],"wp:featuredmedia":[{"embeddable":true,"href":"https:\/\/mitjavilaslowshop.com\/es\/wp-json\/wp\/v2\/media\/72926"}],"wp:attachment":[{"href":"https:\/\/mitjavilaslowshop.com\/es\/wp-json\/wp\/v2\/media?parent=72925"}],"wp:term":[{"taxonomy":"product_brand","embeddable":true,"href":"https:\/\/mitjavilaslowshop.com\/es\/wp-json\/wp\/v2\/product_brand?post=72925"},{"taxonomy":"product_cat","embeddable":true,"href":"https:\/\/mitjavilaslowshop.com\/es\/wp-json\/wp\/v2\/product_cat?post=72925"},{"taxonomy":"product_tag","embeddable":true,"href":"https:\/\/mitjavilaslowshop.com\/es\/wp-json\/wp\/v2\/product_tag?post=72925"}],"curies":[{"name":"wp","href":"https:\/\/api.w.org\/{rel}","templated":true}]}}