{"id":72905,"date":"2026-01-04T18:23:50","date_gmt":"2026-01-04T18:23:50","guid":{"rendered":"https:\/\/mitjavilaslowshop.com\/producte\/taronja-rodelles\/"},"modified":"2026-03-17T13:50:43","modified_gmt":"2026-03-17T13:50:43","slug":"naranja-en-rodajas","status":"publish","type":"product","link":"https:\/\/mitjavilaslowshop.com\/es\/producte\/naranja-en-rodajas\/","title":{"rendered":"NARANJA EN RODAJAS"},"content":{"rendered":"<p>Las rodajas de naranja deshidratada son perfectas para a\u00f1adir un toque fresco y arom\u00e1tico a tus infusiones, c\u00f3cteles, postres o para decorar tus platos. Elaboradas con naranjas seleccionadas y deshidratadas naturalmente, mantienen todo su sabor y beneficios.<\/p>\n","protected":false},"excerpt":{"rendered":"<p>Las rodajas de naranja deshidratada son perfectas para a\u00f1adir un toque fresco y arom\u00e1tico a tus infusiones, c\u00f3cteles, postres o para decorar tus platos. Elaboradas con naranjas seleccionadas y deshidratadas naturalmente, mantienen todo su sabor y beneficios.<\/p>\n","protected":false},"featured_media":72906,"comment_status":"open","ping_status":"closed","template":"","meta":{"_acf_changed":false,"_joinchat":[]},"product_brand":[440],"product_cat":[351],"product_tag":[],"class_list":{"0":"post-72905","1":"product","2":"type-product","3":"status-publish","4":"has-post-thumbnail","6":"product_brand-ecologic","7":"product_cat-frutas-y-caramelos","8":"categoria-per-dieta-ecologic","10":"first","11":"instock","12":"taxable","13":"shipping-taxable","14":"purchasable","15":"product-type-variable","16":"has-default-attributes"},"acf":[],"_links":{"self":[{"href":"https:\/\/mitjavilaslowshop.com\/es\/wp-json\/wp\/v2\/product\/72905","targetHints":{"allow":["GET"]}}],"collection":[{"href":"https:\/\/mitjavilaslowshop.com\/es\/wp-json\/wp\/v2\/product"}],"about":[{"href":"https:\/\/mitjavilaslowshop.com\/es\/wp-json\/wp\/v2\/types\/product"}],"replies":[{"embeddable":true,"href":"https:\/\/mitjavilaslowshop.com\/es\/wp-json\/wp\/v2\/comments?post=72905"}],"version-history":[{"count":6,"href":"https:\/\/mitjavilaslowshop.com\/es\/wp-json\/wp\/v2\/product\/72905\/revisions"}],"predecessor-version":[{"id":81675,"href":"https:\/\/mitjavilaslowshop.com\/es\/wp-json\/wp\/v2\/product\/72905\/revisions\/81675"}],"wp:featuredmedia":[{"embeddable":true,"href":"https:\/\/mitjavilaslowshop.com\/es\/wp-json\/wp\/v2\/media\/72906"}],"wp:attachment":[{"href":"https:\/\/mitjavilaslowshop.com\/es\/wp-json\/wp\/v2\/media?parent=72905"}],"wp:term":[{"taxonomy":"product_brand","embeddable":true,"href":"https:\/\/mitjavilaslowshop.com\/es\/wp-json\/wp\/v2\/product_brand?post=72905"},{"taxonomy":"product_cat","embeddable":true,"href":"https:\/\/mitjavilaslowshop.com\/es\/wp-json\/wp\/v2\/product_cat?post=72905"},{"taxonomy":"product_tag","embeddable":true,"href":"https:\/\/mitjavilaslowshop.com\/es\/wp-json\/wp\/v2\/product_tag?post=72905"}],"curies":[{"name":"wp","href":"https:\/\/api.w.org\/{rel}","templated":true}]}}