{"id":72893,"date":"2026-01-04T18:23:52","date_gmt":"2026-01-04T18:23:52","guid":{"rendered":"https:\/\/mitjavilaslowshop.com\/producte\/mango-sense-sucre\/"},"modified":"2026-03-17T13:50:43","modified_gmt":"2026-03-17T13:50:43","slug":"mango-sense-azucar","status":"publish","type":"product","link":"https:\/\/mitjavilaslowshop.com\/es\/producte\/mango-sense-azucar\/","title":{"rendered":"MANGO SENSE AZ\u00daCAR"},"content":{"rendered":"<p>Mango deshidratado sin az\u00facares a\u00f1adidos, ideal para un snack saludable con aut\u00e9ntico sabor tropical. Elaborado con mango de alta calidad, deshidratado naturalmente, perfecto para combinar con yogur, cereales, postres o para disfrutar solo en cualquier ocasi\u00f3n.<\/p>\n<p> Origen: Holanda<\/p>\n","protected":false},"excerpt":{"rendered":"<p>Mango deshidratado sin az\u00facares a\u00f1adidos, ideal para un snack saludable con aut\u00e9ntico sabor tropical. Elaborado con mango de alta calidad, deshidratado naturalmente, perfecto para combinar con yogur, cereales, postres o para disfrutar solo en cualquier ocasi\u00f3n. Origen: Holanda<\/p>\n","protected":false},"featured_media":72894,"comment_status":"open","ping_status":"closed","template":"","meta":{"_acf_changed":false,"_joinchat":[]},"product_brand":[440],"product_cat":[351],"product_tag":[],"class_list":{"0":"post-72893","1":"product","2":"type-product","3":"status-publish","4":"has-post-thumbnail","6":"product_brand-ecologic","7":"product_cat-frutas-y-caramelos","8":"categoria-per-dieta-ecologic","10":"first","11":"instock","12":"taxable","13":"shipping-taxable","14":"purchasable","15":"product-type-variable"},"acf":[],"_links":{"self":[{"href":"https:\/\/mitjavilaslowshop.com\/es\/wp-json\/wp\/v2\/product\/72893","targetHints":{"allow":["GET"]}}],"collection":[{"href":"https:\/\/mitjavilaslowshop.com\/es\/wp-json\/wp\/v2\/product"}],"about":[{"href":"https:\/\/mitjavilaslowshop.com\/es\/wp-json\/wp\/v2\/types\/product"}],"replies":[{"embeddable":true,"href":"https:\/\/mitjavilaslowshop.com\/es\/wp-json\/wp\/v2\/comments?post=72893"}],"version-history":[{"count":6,"href":"https:\/\/mitjavilaslowshop.com\/es\/wp-json\/wp\/v2\/product\/72893\/revisions"}],"predecessor-version":[{"id":81672,"href":"https:\/\/mitjavilaslowshop.com\/es\/wp-json\/wp\/v2\/product\/72893\/revisions\/81672"}],"wp:featuredmedia":[{"embeddable":true,"href":"https:\/\/mitjavilaslowshop.com\/es\/wp-json\/wp\/v2\/media\/72894"}],"wp:attachment":[{"href":"https:\/\/mitjavilaslowshop.com\/es\/wp-json\/wp\/v2\/media?parent=72893"}],"wp:term":[{"taxonomy":"product_brand","embeddable":true,"href":"https:\/\/mitjavilaslowshop.com\/es\/wp-json\/wp\/v2\/product_brand?post=72893"},{"taxonomy":"product_cat","embeddable":true,"href":"https:\/\/mitjavilaslowshop.com\/es\/wp-json\/wp\/v2\/product_cat?post=72893"},{"taxonomy":"product_tag","embeddable":true,"href":"https:\/\/mitjavilaslowshop.com\/es\/wp-json\/wp\/v2\/product_tag?post=72893"}],"curies":[{"name":"wp","href":"https:\/\/api.w.org\/{rel}","templated":true}]}}