{"id":72861,"date":"2026-01-04T18:23:57","date_gmt":"2026-01-04T18:23:57","guid":{"rendered":"https:\/\/mitjavilaslowshop.com\/producte\/te-verd-gessami\/"},"modified":"2026-03-17T13:50:40","modified_gmt":"2026-03-17T13:50:40","slug":"te-verde-jazmin","status":"publish","type":"product","link":"https:\/\/mitjavilaslowshop.com\/es\/producte\/te-verde-jazmin\/","title":{"rendered":"TE VERDE JAZM\u00cdN"},"content":{"rendered":"<p>El T\u00e9 Verde con Jazm\u00edn es una infusi\u00f3n cl\u00e1sica que combina el sabor fresco del t\u00e9 verde con el aroma floral del jazm\u00edn. Las hojas de t\u00e9 verde se mezclan cuidadosamente con p\u00e9talos de jazm\u00edn para brindar una experiencia suave, relajante y llena de propiedades beneficiosas para la salud. Rico en antioxidantes, contribuye a disminuir el estr\u00e9s, favorecer la digesti\u00f3n y fortalecer las defensas naturales.<\/p>\n<p> Para preparar, infusiona 2-3 g en agua a 80\u00baC durante 2-3 minutos y disfruta de su fragancia y sabor delicado.<br \/> Origen: China<\/p>\n","protected":false},"excerpt":{"rendered":"<p>El T\u00e9 Verde con Jazm\u00edn es una infusi\u00f3n cl\u00e1sica que combina el sabor fresco del t\u00e9 verde con el aroma floral del jazm\u00edn. Las hojas de t\u00e9 verde se mezclan cuidadosamente con p\u00e9talos de jazm\u00edn para brindar una experiencia suave, relajante y llena de propiedades beneficiosas para la salud. Rico en antioxidantes, contribuye a disminuir el estr\u00e9s, favorecer la digesti\u00f3n y fortalecer las defensas naturales. Para preparar, infusiona 2-3 g en agua a 80\u00baC durante 2-3 minutos y disfruta de su fragancia y sabor delicado. Origen: China<\/p>\n","protected":false},"featured_media":72862,"comment_status":"open","ping_status":"closed","template":"","meta":{"_acf_changed":false,"_joinchat":[]},"product_brand":[440,572],"product_cat":[349],"product_tag":[],"class_list":{"0":"post-72861","1":"product","2":"type-product","3":"status-publish","4":"has-post-thumbnail","6":"product_brand-ecologic","7":"product_brand-gourmet","8":"product_cat-infusiones-y-tes","9":"categoria-per-dieta-ecologic","10":"categoria-per-dieta-gourmet","12":"first","13":"instock","14":"taxable","15":"shipping-taxable","16":"purchasable","17":"product-type-variable","18":"has-default-attributes"},"acf":[],"_links":{"self":[{"href":"https:\/\/mitjavilaslowshop.com\/es\/wp-json\/wp\/v2\/product\/72861","targetHints":{"allow":["GET"]}}],"collection":[{"href":"https:\/\/mitjavilaslowshop.com\/es\/wp-json\/wp\/v2\/product"}],"about":[{"href":"https:\/\/mitjavilaslowshop.com\/es\/wp-json\/wp\/v2\/types\/product"}],"replies":[{"embeddable":true,"href":"https:\/\/mitjavilaslowshop.com\/es\/wp-json\/wp\/v2\/comments?post=72861"}],"version-history":[{"count":6,"href":"https:\/\/mitjavilaslowshop.com\/es\/wp-json\/wp\/v2\/product\/72861\/revisions"}],"predecessor-version":[{"id":81664,"href":"https:\/\/mitjavilaslowshop.com\/es\/wp-json\/wp\/v2\/product\/72861\/revisions\/81664"}],"wp:featuredmedia":[{"embeddable":true,"href":"https:\/\/mitjavilaslowshop.com\/es\/wp-json\/wp\/v2\/media\/72862"}],"wp:attachment":[{"href":"https:\/\/mitjavilaslowshop.com\/es\/wp-json\/wp\/v2\/media?parent=72861"}],"wp:term":[{"taxonomy":"product_brand","embeddable":true,"href":"https:\/\/mitjavilaslowshop.com\/es\/wp-json\/wp\/v2\/product_brand?post=72861"},{"taxonomy":"product_cat","embeddable":true,"href":"https:\/\/mitjavilaslowshop.com\/es\/wp-json\/wp\/v2\/product_cat?post=72861"},{"taxonomy":"product_tag","embeddable":true,"href":"https:\/\/mitjavilaslowshop.com\/es\/wp-json\/wp\/v2\/product_tag?post=72861"}],"curies":[{"name":"wp","href":"https:\/\/api.w.org\/{rel}","templated":true}]}}