{"id":72857,"date":"2026-01-04T18:23:57","date_gmt":"2026-01-04T18:23:57","guid":{"rendered":"https:\/\/mitjavilaslowshop.com\/producte\/te-verd-genmaicha-japones\/"},"modified":"2026-03-17T13:50:40","modified_gmt":"2026-03-17T13:50:40","slug":"te-verde-genmaicha-japones","status":"publish","type":"product","link":"https:\/\/mitjavilaslowshop.com\/es\/producte\/te-verde-genmaicha-japones\/","title":{"rendered":"TE VERDE GENMAICHA JAPONES"},"content":{"rendered":"<p>El T\u00e9 Verde Genmaicha Japon\u00e9s combina t\u00e9 verde Sencha con arroz integral tostado, creando un sabor suave y ligeramente tostado muy apreciado en Jap\u00f3n. Rico en antioxidantes, contribuye a mejorar la digesti\u00f3n, disminuir el estr\u00e9s y mantener la energ\u00eda de manera natural.<br \/> Para preparar, infusiona 2-3 g en agua a 80\u00baC durante 2-3 minutos y disfruta de su aut\u00e9ntico sabor.<\/p>\n","protected":false},"excerpt":{"rendered":"<p>El T\u00e9 Verde Genmaicha Japon\u00e9s combina t\u00e9 verde Sencha con arroz integral tostado, creando un sabor suave y ligeramente tostado muy apreciado en Jap\u00f3n. Rico en antioxidantes, contribuye a mejorar la digesti\u00f3n, disminuir el estr\u00e9s y mantener la energ\u00eda de manera natural. Para preparar, infusiona 2-3 g en agua a 80\u00baC durante 2-3 minutos y disfruta de su aut\u00e9ntico sabor.<\/p>\n","protected":false},"featured_media":72858,"comment_status":"open","ping_status":"closed","template":"","meta":{"_acf_changed":false,"_joinchat":[]},"product_brand":[440,572],"product_cat":[349],"product_tag":[],"class_list":{"0":"post-72857","1":"product","2":"type-product","3":"status-publish","4":"has-post-thumbnail","6":"product_brand-ecologic","7":"product_brand-gourmet","8":"product_cat-infusiones-y-tes","9":"categoria-per-dieta-ecologic","10":"categoria-per-dieta-gourmet","12":"first","13":"instock","14":"taxable","15":"shipping-taxable","16":"purchasable","17":"product-type-variable"},"acf":[],"_links":{"self":[{"href":"https:\/\/mitjavilaslowshop.com\/es\/wp-json\/wp\/v2\/product\/72857","targetHints":{"allow":["GET"]}}],"collection":[{"href":"https:\/\/mitjavilaslowshop.com\/es\/wp-json\/wp\/v2\/product"}],"about":[{"href":"https:\/\/mitjavilaslowshop.com\/es\/wp-json\/wp\/v2\/types\/product"}],"replies":[{"embeddable":true,"href":"https:\/\/mitjavilaslowshop.com\/es\/wp-json\/wp\/v2\/comments?post=72857"}],"version-history":[{"count":6,"href":"https:\/\/mitjavilaslowshop.com\/es\/wp-json\/wp\/v2\/product\/72857\/revisions"}],"predecessor-version":[{"id":81663,"href":"https:\/\/mitjavilaslowshop.com\/es\/wp-json\/wp\/v2\/product\/72857\/revisions\/81663"}],"wp:featuredmedia":[{"embeddable":true,"href":"https:\/\/mitjavilaslowshop.com\/es\/wp-json\/wp\/v2\/media\/72858"}],"wp:attachment":[{"href":"https:\/\/mitjavilaslowshop.com\/es\/wp-json\/wp\/v2\/media?parent=72857"}],"wp:term":[{"taxonomy":"product_brand","embeddable":true,"href":"https:\/\/mitjavilaslowshop.com\/es\/wp-json\/wp\/v2\/product_brand?post=72857"},{"taxonomy":"product_cat","embeddable":true,"href":"https:\/\/mitjavilaslowshop.com\/es\/wp-json\/wp\/v2\/product_cat?post=72857"},{"taxonomy":"product_tag","embeddable":true,"href":"https:\/\/mitjavilaslowshop.com\/es\/wp-json\/wp\/v2\/product_tag?post=72857"}],"curies":[{"name":"wp","href":"https:\/\/api.w.org\/{rel}","templated":true}]}}