{"id":72841,"date":"2026-01-04T18:23:59","date_gmt":"2026-01-04T18:23:59","guid":{"rendered":"https:\/\/mitjavilaslowshop.com\/producte\/infusio-vitamina-c\/"},"modified":"2026-03-17T13:50:37","modified_gmt":"2026-03-17T13:50:37","slug":"infusion-vitamina-c","status":"publish","type":"product","link":"https:\/\/mitjavilaslowshop.com\/es\/producte\/infusion-vitamina-c\/","title":{"rendered":"INFUSI\u00d3N VITAMINA C"},"content":{"rendered":"<p>Aporta a tu cuerpo un extra de vitalidad con la Infusi\u00f3n de Vitamina C, una mezcla deliciosa de frutas e ingredientes naturales, rica en antioxidantes y vitaminas. Perfecta para fortalecer el sistema inmunol\u00f3gico y disfrutar de un sabor fresco y afrutado.<br \/> Ingredientes: trozos de naranja, piel de naranja y lim\u00f3n, kiwi, zanahoria, pi\u00f1a, mango, melisa, hibisco y aromas naturales.<br \/> Prepara infusionando 3 g en agua a 95\u00baC durante 8-10 minutos para obtener su sabor aut\u00e9ntico y saludable.<br \/> Origen: Alemania<\/p>\n","protected":false},"excerpt":{"rendered":"<p>Aporta a tu cuerpo un extra de vitalidad con la Infusi\u00f3n de Vitamina C, una mezcla deliciosa de frutas e ingredientes naturales, rica en antioxidantes y vitaminas. Perfecta para fortalecer el sistema inmunol\u00f3gico y disfrutar de un sabor fresco y afrutado. Ingredientes: trozos de naranja, piel de naranja y lim\u00f3n, kiwi, zanahoria, pi\u00f1a, mango, melisa, hibisco y aromas naturales. Prepara infusionando 3 g en agua a 95\u00baC durante 8-10 minutos para obtener su sabor aut\u00e9ntico y saludable. Origen: Alemania<\/p>\n","protected":false},"featured_media":72842,"comment_status":"open","ping_status":"closed","template":"","meta":{"_acf_changed":false,"_joinchat":[]},"product_brand":[440],"product_cat":[349],"product_tag":[],"class_list":{"0":"post-72841","1":"product","2":"type-product","3":"status-publish","4":"has-post-thumbnail","6":"product_brand-ecologic","7":"product_cat-infusiones-y-tes","8":"categoria-per-dieta-ecologic","10":"first","11":"instock","12":"taxable","13":"shipping-taxable","14":"purchasable","15":"product-type-variable"},"acf":[],"_links":{"self":[{"href":"https:\/\/mitjavilaslowshop.com\/es\/wp-json\/wp\/v2\/product\/72841","targetHints":{"allow":["GET"]}}],"collection":[{"href":"https:\/\/mitjavilaslowshop.com\/es\/wp-json\/wp\/v2\/product"}],"about":[{"href":"https:\/\/mitjavilaslowshop.com\/es\/wp-json\/wp\/v2\/types\/product"}],"replies":[{"embeddable":true,"href":"https:\/\/mitjavilaslowshop.com\/es\/wp-json\/wp\/v2\/comments?post=72841"}],"version-history":[{"count":6,"href":"https:\/\/mitjavilaslowshop.com\/es\/wp-json\/wp\/v2\/product\/72841\/revisions"}],"predecessor-version":[{"id":81659,"href":"https:\/\/mitjavilaslowshop.com\/es\/wp-json\/wp\/v2\/product\/72841\/revisions\/81659"}],"wp:featuredmedia":[{"embeddable":true,"href":"https:\/\/mitjavilaslowshop.com\/es\/wp-json\/wp\/v2\/media\/72842"}],"wp:attachment":[{"href":"https:\/\/mitjavilaslowshop.com\/es\/wp-json\/wp\/v2\/media?parent=72841"}],"wp:term":[{"taxonomy":"product_brand","embeddable":true,"href":"https:\/\/mitjavilaslowshop.com\/es\/wp-json\/wp\/v2\/product_brand?post=72841"},{"taxonomy":"product_cat","embeddable":true,"href":"https:\/\/mitjavilaslowshop.com\/es\/wp-json\/wp\/v2\/product_cat?post=72841"},{"taxonomy":"product_tag","embeddable":true,"href":"https:\/\/mitjavilaslowshop.com\/es\/wp-json\/wp\/v2\/product_tag?post=72841"}],"curies":[{"name":"wp","href":"https:\/\/api.w.org\/{rel}","templated":true}]}}