{"id":72837,"date":"2026-01-04T18:24:00","date_gmt":"2026-01-04T18:24:00","guid":{"rendered":"https:\/\/mitjavilaslowshop.com\/producte\/infusio-digestiva-bio\/"},"modified":"2026-03-17T13:50:37","modified_gmt":"2026-03-17T13:50:37","slug":"infusion-digestiva-ecologica","status":"publish","type":"product","link":"https:\/\/mitjavilaslowshop.com\/es\/producte\/infusion-digestiva-ecologica\/","title":{"rendered":"INFUSI\u00d3N DIGESTIVA ECOL\u00d3GICA"},"content":{"rendered":"<p>La infusi\u00f3n arom\u00e1tica y suave, especialmente formulada para mejorar la digesti\u00f3n y proporcionar bienestar tras las comidas. La Infusi\u00f3n Digestiva BIO re\u00fane plantas ecol\u00f3gicas con propiedades digestivas y relajantes, perfecta para cuidar tu salud de manera natural.<br \/> Ingredientes: an\u00eds, semillas de hinojo, piel de naranja, melisa, ra\u00edz de regaliz, menta y manzanilla.<br \/> Preparaci\u00f3n: infusiona 3 g en agua a 95\u00baC durante 8-10 minutos para aprovechar sus beneficios digestivos y su sabor natural.<br \/> Origen: Alemania<\/p>\n","protected":false},"excerpt":{"rendered":"<p>La infusi\u00f3n arom\u00e1tica y suave, especialmente formulada para mejorar la digesti\u00f3n y proporcionar bienestar tras las comidas. La Infusi\u00f3n Digestiva BIO re\u00fane plantas ecol\u00f3gicas con propiedades digestivas y relajantes, perfecta para cuidar tu salud de manera natural. Ingredientes: an\u00eds, semillas de hinojo, piel de naranja, melisa, ra\u00edz de regaliz, menta y manzanilla. Preparaci\u00f3n: infusiona 3 g en agua a 95\u00baC durante 8-10 minutos para aprovechar sus beneficios digestivos y su sabor natural. Origen: Alemania<\/p>\n","protected":false},"featured_media":72838,"comment_status":"open","ping_status":"closed","template":"","meta":{"_acf_changed":false,"_joinchat":[]},"product_brand":[440,572],"product_cat":[349],"product_tag":[],"class_list":{"0":"post-72837","1":"product","2":"type-product","3":"status-publish","4":"has-post-thumbnail","6":"product_brand-ecologic","7":"product_brand-gourmet","8":"product_cat-infusiones-y-tes","9":"categoria-per-dieta-ecologic","10":"categoria-per-dieta-gourmet","12":"first","13":"instock","14":"taxable","15":"shipping-taxable","16":"purchasable","17":"product-type-variable"},"acf":[],"_links":{"self":[{"href":"https:\/\/mitjavilaslowshop.com\/es\/wp-json\/wp\/v2\/product\/72837","targetHints":{"allow":["GET"]}}],"collection":[{"href":"https:\/\/mitjavilaslowshop.com\/es\/wp-json\/wp\/v2\/product"}],"about":[{"href":"https:\/\/mitjavilaslowshop.com\/es\/wp-json\/wp\/v2\/types\/product"}],"replies":[{"embeddable":true,"href":"https:\/\/mitjavilaslowshop.com\/es\/wp-json\/wp\/v2\/comments?post=72837"}],"version-history":[{"count":6,"href":"https:\/\/mitjavilaslowshop.com\/es\/wp-json\/wp\/v2\/product\/72837\/revisions"}],"predecessor-version":[{"id":81658,"href":"https:\/\/mitjavilaslowshop.com\/es\/wp-json\/wp\/v2\/product\/72837\/revisions\/81658"}],"wp:featuredmedia":[{"embeddable":true,"href":"https:\/\/mitjavilaslowshop.com\/es\/wp-json\/wp\/v2\/media\/72838"}],"wp:attachment":[{"href":"https:\/\/mitjavilaslowshop.com\/es\/wp-json\/wp\/v2\/media?parent=72837"}],"wp:term":[{"taxonomy":"product_brand","embeddable":true,"href":"https:\/\/mitjavilaslowshop.com\/es\/wp-json\/wp\/v2\/product_brand?post=72837"},{"taxonomy":"product_cat","embeddable":true,"href":"https:\/\/mitjavilaslowshop.com\/es\/wp-json\/wp\/v2\/product_cat?post=72837"},{"taxonomy":"product_tag","embeddable":true,"href":"https:\/\/mitjavilaslowshop.com\/es\/wp-json\/wp\/v2\/product_tag?post=72837"}],"curies":[{"name":"wp","href":"https:\/\/api.w.org\/{rel}","templated":true}]}}