{"id":72829,"date":"2026-01-04T18:26:15","date_gmt":"2026-01-04T18:26:15","guid":{"rendered":"https:\/\/mitjavilaslowshop.com\/producte\/all-negre-caixa-eco\/"},"modified":"2026-03-17T13:50:37","modified_gmt":"2026-03-17T13:50:37","slug":"todo-negro-caja-eco","status":"publish","type":"product","link":"https:\/\/mitjavilaslowshop.com\/es\/producte\/todo-negro-caja-eco\/","title":{"rendered":"TODO NEGRO CAJA ECO"},"content":{"rendered":"<p>Elaborado con ajo ecol\u00f3gico, este producto se obtiene tras un proceso natural de maduraci\u00f3n que combina temperatura y humedad durante m\u00e1s de 40 d\u00edas, sin a\u00f1adir aditivos ni conservantes. El ajo negro presenta un sabor dulce y una textura suave, sin el fuerte aroma t\u00edpico del ajo fresco.<br \/>Origen: Nacional<\/p>\n","protected":false},"excerpt":{"rendered":"<p>Elaborado con ajo ecol\u00f3gico, este producto se obtiene tras un proceso natural de maduraci\u00f3n que combina temperatura y humedad durante m\u00e1s de 40 d\u00edas, sin a\u00f1adir aditivos ni conservantes. El ajo negro presenta un sabor dulce y una textura suave, sin el fuerte aroma t\u00edpico del ajo fresco.Origen: Nacional<\/p>\n","protected":false},"featured_media":72830,"comment_status":"open","ping_status":"closed","template":"","meta":{"_acf_changed":false,"_joinchat":[]},"product_brand":[],"product_cat":[273],"product_tag":[],"class_list":{"0":"post-72829","1":"product","2":"type-product","3":"status-publish","4":"has-post-thumbnail","6":"product_cat-conservas-y-envasados","8":"first","9":"instock","10":"taxable","11":"shipping-taxable","12":"purchasable","13":"product-type-simple"},"acf":[],"_links":{"self":[{"href":"https:\/\/mitjavilaslowshop.com\/es\/wp-json\/wp\/v2\/product\/72829","targetHints":{"allow":["GET"]}}],"collection":[{"href":"https:\/\/mitjavilaslowshop.com\/es\/wp-json\/wp\/v2\/product"}],"about":[{"href":"https:\/\/mitjavilaslowshop.com\/es\/wp-json\/wp\/v2\/types\/product"}],"replies":[{"embeddable":true,"href":"https:\/\/mitjavilaslowshop.com\/es\/wp-json\/wp\/v2\/comments?post=72829"}],"version-history":[{"count":6,"href":"https:\/\/mitjavilaslowshop.com\/es\/wp-json\/wp\/v2\/product\/72829\/revisions"}],"predecessor-version":[{"id":81656,"href":"https:\/\/mitjavilaslowshop.com\/es\/wp-json\/wp\/v2\/product\/72829\/revisions\/81656"}],"wp:featuredmedia":[{"embeddable":true,"href":"https:\/\/mitjavilaslowshop.com\/es\/wp-json\/wp\/v2\/media\/72830"}],"wp:attachment":[{"href":"https:\/\/mitjavilaslowshop.com\/es\/wp-json\/wp\/v2\/media?parent=72829"}],"wp:term":[{"taxonomy":"product_brand","embeddable":true,"href":"https:\/\/mitjavilaslowshop.com\/es\/wp-json\/wp\/v2\/product_brand?post=72829"},{"taxonomy":"product_cat","embeddable":true,"href":"https:\/\/mitjavilaslowshop.com\/es\/wp-json\/wp\/v2\/product_cat?post=72829"},{"taxonomy":"product_tag","embeddable":true,"href":"https:\/\/mitjavilaslowshop.com\/es\/wp-json\/wp\/v2\/product_tag?post=72829"}],"curies":[{"name":"wp","href":"https:\/\/api.w.org\/{rel}","templated":true}]}}