{"id":72821,"date":"2026-01-04T18:26:16","date_gmt":"2026-01-04T18:26:16","guid":{"rendered":"https:\/\/mitjavilaslowshop.com\/producte\/llimona-negre\/"},"modified":"2026-03-17T13:50:35","modified_gmt":"2026-03-17T13:50:35","slug":"limon-negro","status":"publish","type":"product","link":"https:\/\/mitjavilaslowshop.com\/es\/producte\/limon-negro\/","title":{"rendered":"LIM\u00d3N NEGRO"},"content":{"rendered":"<p>Rodajas de lim\u00f3n negro deshidratado, elaboradas con limones cultivados en Espa\u00f1a. Presentan un sabor c\u00edtrico con notas ligeramente amargas y especiadas. Ideales para realzar el sabor de asados, guisos y salsas, as\u00ed como para aromatizar y decorar c\u00f3cteles e infusiones. Su formato en rodajas es perfecto para a\u00f1adir aroma a bebidas calientes y fr\u00edas, incluyendo una amplia variedad de c\u00f3cteles. Tambi\u00e9n son excelentes para decorar y dar un toque especial a vermut o vino caliente con especias, aportando un sabor \u00fanico tanto a platos dulces como salados. Ricas en fibra, potasio y vitamina C, estas rodajas son un ingrediente vers\u00e1til para la cocteler\u00eda, ofreciendo nuevas opciones de sabor y presentaci\u00f3n.<br \/>Origen: Espa\u00f1a<\/p>\n","protected":false},"excerpt":{"rendered":"<p>Rodajas de lim\u00f3n negro deshidratado, elaboradas con limones cultivados en Espa\u00f1a. Presentan un sabor c\u00edtrico con notas ligeramente amargas y especiadas. Ideales para realzar el sabor de asados, guisos y salsas, as\u00ed como para aromatizar y decorar c\u00f3cteles e infusiones. Su formato en rodajas es perfecto para a\u00f1adir aroma a bebidas calientes y fr\u00edas, incluyendo una amplia variedad de c\u00f3cteles. Tambi\u00e9n son excelentes para decorar y dar un toque especial a vermut o vino caliente con especias, aportando un sabor \u00fanico tanto a platos dulces como salados. Ricas en fibra, potasio y vitamina C, estas rodajas son un ingrediente vers\u00e1til para la cocteler\u00eda, ofreciendo nuevas opciones de sabor y presentaci\u00f3n.Origen: Espa\u00f1a<\/p>\n","protected":false},"featured_media":72822,"comment_status":"open","ping_status":"closed","template":"","meta":{"_acf_changed":false,"_joinchat":[]},"product_brand":[],"product_cat":[273],"product_tag":[],"class_list":{"0":"post-72821","1":"product","2":"type-product","3":"status-publish","4":"has-post-thumbnail","6":"product_cat-conservas-y-envasados","8":"first","9":"outofstock","10":"taxable","11":"shipping-taxable","12":"purchasable","13":"product-type-simple"},"acf":[],"_links":{"self":[{"href":"https:\/\/mitjavilaslowshop.com\/es\/wp-json\/wp\/v2\/product\/72821","targetHints":{"allow":["GET"]}}],"collection":[{"href":"https:\/\/mitjavilaslowshop.com\/es\/wp-json\/wp\/v2\/product"}],"about":[{"href":"https:\/\/mitjavilaslowshop.com\/es\/wp-json\/wp\/v2\/types\/product"}],"replies":[{"embeddable":true,"href":"https:\/\/mitjavilaslowshop.com\/es\/wp-json\/wp\/v2\/comments?post=72821"}],"version-history":[{"count":6,"href":"https:\/\/mitjavilaslowshop.com\/es\/wp-json\/wp\/v2\/product\/72821\/revisions"}],"predecessor-version":[{"id":81654,"href":"https:\/\/mitjavilaslowshop.com\/es\/wp-json\/wp\/v2\/product\/72821\/revisions\/81654"}],"wp:featuredmedia":[{"embeddable":true,"href":"https:\/\/mitjavilaslowshop.com\/es\/wp-json\/wp\/v2\/media\/72822"}],"wp:attachment":[{"href":"https:\/\/mitjavilaslowshop.com\/es\/wp-json\/wp\/v2\/media?parent=72821"}],"wp:term":[{"taxonomy":"product_brand","embeddable":true,"href":"https:\/\/mitjavilaslowshop.com\/es\/wp-json\/wp\/v2\/product_brand?post=72821"},{"taxonomy":"product_cat","embeddable":true,"href":"https:\/\/mitjavilaslowshop.com\/es\/wp-json\/wp\/v2\/product_cat?post=72821"},{"taxonomy":"product_tag","embeddable":true,"href":"https:\/\/mitjavilaslowshop.com\/es\/wp-json\/wp\/v2\/product_tag?post=72821"}],"curies":[{"name":"wp","href":"https:\/\/api.w.org\/{rel}","templated":true}]}}