{"id":72817,"date":"2026-01-04T18:26:16","date_gmt":"2026-01-04T18:26:16","guid":{"rendered":"https:\/\/mitjavilaslowshop.com\/producte\/all-negre-pasta-eco\/"},"modified":"2026-03-17T13:50:35","modified_gmt":"2026-03-17T13:50:35","slug":"all-negro-pasta-ecologica","status":"publish","type":"product","link":"https:\/\/mitjavilaslowshop.com\/es\/producte\/all-negro-pasta-ecologica\/","title":{"rendered":"ALL NEGRO PASTA ECOL\u00d3GICA"},"content":{"rendered":"<p>Elaborada con ajo negro ecol\u00f3gico de producci\u00f3n propia. Totalmente natural, sin aditivos ni conservantes. Lista para untar o a\u00f1adir a cualquier receta.<br \/>Origen: Espa\u00f1a<\/p>\n","protected":false},"excerpt":{"rendered":"<p>Elaborada con ajo negro ecol\u00f3gico de producci\u00f3n propia. Totalmente natural, sin aditivos ni conservantes. Lista para untar o a\u00f1adir a cualquier receta.Origen: Espa\u00f1a<\/p>\n","protected":false},"featured_media":72818,"comment_status":"open","ping_status":"closed","template":"","meta":{"_acf_changed":false,"_joinchat":[]},"product_brand":[],"product_cat":[273],"product_tag":[],"class_list":{"0":"post-72817","1":"product","2":"type-product","3":"status-publish","4":"has-post-thumbnail","6":"product_cat-conservas-y-envasados","8":"first","9":"instock","10":"taxable","11":"shipping-taxable","12":"purchasable","13":"product-type-simple"},"acf":[],"_links":{"self":[{"href":"https:\/\/mitjavilaslowshop.com\/es\/wp-json\/wp\/v2\/product\/72817","targetHints":{"allow":["GET"]}}],"collection":[{"href":"https:\/\/mitjavilaslowshop.com\/es\/wp-json\/wp\/v2\/product"}],"about":[{"href":"https:\/\/mitjavilaslowshop.com\/es\/wp-json\/wp\/v2\/types\/product"}],"replies":[{"embeddable":true,"href":"https:\/\/mitjavilaslowshop.com\/es\/wp-json\/wp\/v2\/comments?post=72817"}],"version-history":[{"count":4,"href":"https:\/\/mitjavilaslowshop.com\/es\/wp-json\/wp\/v2\/product\/72817\/revisions"}],"predecessor-version":[{"id":79302,"href":"https:\/\/mitjavilaslowshop.com\/es\/wp-json\/wp\/v2\/product\/72817\/revisions\/79302"}],"wp:featuredmedia":[{"embeddable":true,"href":"https:\/\/mitjavilaslowshop.com\/es\/wp-json\/wp\/v2\/media\/72818"}],"wp:attachment":[{"href":"https:\/\/mitjavilaslowshop.com\/es\/wp-json\/wp\/v2\/media?parent=72817"}],"wp:term":[{"taxonomy":"product_brand","embeddable":true,"href":"https:\/\/mitjavilaslowshop.com\/es\/wp-json\/wp\/v2\/product_brand?post=72817"},{"taxonomy":"product_cat","embeddable":true,"href":"https:\/\/mitjavilaslowshop.com\/es\/wp-json\/wp\/v2\/product_cat?post=72817"},{"taxonomy":"product_tag","embeddable":true,"href":"https:\/\/mitjavilaslowshop.com\/es\/wp-json\/wp\/v2\/product_tag?post=72817"}],"curies":[{"name":"wp","href":"https:\/\/api.w.org\/{rel}","templated":true}]}}