{"id":72793,"date":"2026-01-04T18:26:13","date_gmt":"2026-01-04T18:26:13","guid":{"rendered":"https:\/\/mitjavilaslowshop.com\/producte\/pate-oliva-verda-eco\/"},"modified":"2026-03-17T13:50:32","modified_gmt":"2026-03-17T13:50:32","slug":"pate-de-aceituna-verde-ecologico","status":"publish","type":"product","link":"https:\/\/mitjavilaslowshop.com\/es\/producte\/pate-de-aceituna-verde-ecologico\/","title":{"rendered":"PAT\u00c9 DE ACEITUNA VERDE ECOL\u00d3GICO"},"content":{"rendered":"<p>El pat\u00e9 ecol\u00f3gico de aceituna verde est\u00e1 hecho con aceitunas de cultivo sostenible y ingredientes naturales. Es una opci\u00f3n sabrosa y saludable para untar en tostadas, bocadillos o para dar un toque gourmet a tus recetas.<br \/>Origen: La Granadella<\/p>\n","protected":false},"excerpt":{"rendered":"<p>El pat\u00e9 ecol\u00f3gico de aceituna verde est\u00e1 hecho con aceitunas de cultivo sostenible y ingredientes naturales. Es una opci\u00f3n sabrosa y saludable para untar en tostadas, bocadillos o para dar un toque gourmet a tus recetas.Origen: La Granadella<\/p>\n","protected":false},"featured_media":72794,"comment_status":"open","ping_status":"closed","template":"","meta":{"_acf_changed":false,"_joinchat":[]},"product_brand":[],"product_cat":[275],"product_tag":[],"class_list":{"0":"post-72793","1":"product","2":"type-product","3":"status-publish","4":"has-post-thumbnail","6":"product_cat-aceitunas","8":"first","9":"instock","10":"featured","11":"taxable","12":"shipping-taxable","13":"purchasable","14":"product-type-simple"},"acf":[],"_links":{"self":[{"href":"https:\/\/mitjavilaslowshop.com\/es\/wp-json\/wp\/v2\/product\/72793","targetHints":{"allow":["GET"]}}],"collection":[{"href":"https:\/\/mitjavilaslowshop.com\/es\/wp-json\/wp\/v2\/product"}],"about":[{"href":"https:\/\/mitjavilaslowshop.com\/es\/wp-json\/wp\/v2\/types\/product"}],"replies":[{"embeddable":true,"href":"https:\/\/mitjavilaslowshop.com\/es\/wp-json\/wp\/v2\/comments?post=72793"}],"version-history":[{"count":4,"href":"https:\/\/mitjavilaslowshop.com\/es\/wp-json\/wp\/v2\/product\/72793\/revisions"}],"predecessor-version":[{"id":79297,"href":"https:\/\/mitjavilaslowshop.com\/es\/wp-json\/wp\/v2\/product\/72793\/revisions\/79297"}],"wp:featuredmedia":[{"embeddable":true,"href":"https:\/\/mitjavilaslowshop.com\/es\/wp-json\/wp\/v2\/media\/72794"}],"wp:attachment":[{"href":"https:\/\/mitjavilaslowshop.com\/es\/wp-json\/wp\/v2\/media?parent=72793"}],"wp:term":[{"taxonomy":"product_brand","embeddable":true,"href":"https:\/\/mitjavilaslowshop.com\/es\/wp-json\/wp\/v2\/product_brand?post=72793"},{"taxonomy":"product_cat","embeddable":true,"href":"https:\/\/mitjavilaslowshop.com\/es\/wp-json\/wp\/v2\/product_cat?post=72793"},{"taxonomy":"product_tag","embeddable":true,"href":"https:\/\/mitjavilaslowshop.com\/es\/wp-json\/wp\/v2\/product_tag?post=72793"}],"curies":[{"name":"wp","href":"https:\/\/api.w.org\/{rel}","templated":true}]}}