{"id":72789,"date":"2026-01-04T18:26:12","date_gmt":"2026-01-04T18:26:12","guid":{"rendered":"https:\/\/mitjavilaslowshop.com\/producte\/olives-trencades-450gr\/"},"modified":"2026-03-17T13:50:32","modified_gmt":"2026-03-17T13:50:32","slug":"aceitunas-trincadas-450gr","status":"publish","type":"product","link":"https:\/\/mitjavilaslowshop.com\/es\/producte\/aceitunas-trincadas-450gr\/","title":{"rendered":"ACEITUNAS TRINCADAS 450GR"},"content":{"rendered":"<p>Las aceitunas partidas son un cl\u00e1sico de la dieta mediterr\u00e1nea, reconocidas por su sabor intenso y textura distintiva. Se parten siguiendo m\u00e9todos tradicionales para realzar su sabor y permitir una maceraci\u00f3n \u00f3ptima con especias naturales.<br \/>Origen: La Granadella<\/p>\n","protected":false},"excerpt":{"rendered":"<p>Las aceitunas partidas son un cl\u00e1sico de la dieta mediterr\u00e1nea, reconocidas por su sabor intenso y textura distintiva. Se parten siguiendo m\u00e9todos tradicionales para realzar su sabor y permitir una maceraci\u00f3n \u00f3ptima con especias naturales.Origen: La Granadella<\/p>\n","protected":false},"featured_media":72790,"comment_status":"open","ping_status":"closed","template":"","meta":{"_acf_changed":false,"_joinchat":[]},"product_brand":[],"product_cat":[275],"product_tag":[],"class_list":{"0":"post-72789","1":"product","2":"type-product","3":"status-publish","4":"has-post-thumbnail","6":"product_cat-aceitunas","8":"first","9":"instock","10":"taxable","11":"shipping-taxable","12":"purchasable","13":"product-type-simple"},"acf":[],"_links":{"self":[{"href":"https:\/\/mitjavilaslowshop.com\/es\/wp-json\/wp\/v2\/product\/72789","targetHints":{"allow":["GET"]}}],"collection":[{"href":"https:\/\/mitjavilaslowshop.com\/es\/wp-json\/wp\/v2\/product"}],"about":[{"href":"https:\/\/mitjavilaslowshop.com\/es\/wp-json\/wp\/v2\/types\/product"}],"replies":[{"embeddable":true,"href":"https:\/\/mitjavilaslowshop.com\/es\/wp-json\/wp\/v2\/comments?post=72789"}],"version-history":[{"count":6,"href":"https:\/\/mitjavilaslowshop.com\/es\/wp-json\/wp\/v2\/product\/72789\/revisions"}],"predecessor-version":[{"id":81653,"href":"https:\/\/mitjavilaslowshop.com\/es\/wp-json\/wp\/v2\/product\/72789\/revisions\/81653"}],"wp:featuredmedia":[{"embeddable":true,"href":"https:\/\/mitjavilaslowshop.com\/es\/wp-json\/wp\/v2\/media\/72790"}],"wp:attachment":[{"href":"https:\/\/mitjavilaslowshop.com\/es\/wp-json\/wp\/v2\/media?parent=72789"}],"wp:term":[{"taxonomy":"product_brand","embeddable":true,"href":"https:\/\/mitjavilaslowshop.com\/es\/wp-json\/wp\/v2\/product_brand?post=72789"},{"taxonomy":"product_cat","embeddable":true,"href":"https:\/\/mitjavilaslowshop.com\/es\/wp-json\/wp\/v2\/product_cat?post=72789"},{"taxonomy":"product_tag","embeddable":true,"href":"https:\/\/mitjavilaslowshop.com\/es\/wp-json\/wp\/v2\/product_tag?post=72789"}],"curies":[{"name":"wp","href":"https:\/\/api.w.org\/{rel}","templated":true}]}}