{"id":72785,"date":"2026-01-04T18:26:12","date_gmt":"2026-01-04T18:26:12","guid":{"rendered":"https:\/\/mitjavilaslowshop.com\/producte\/olives-arbequines\/"},"modified":"2026-03-17T13:50:32","modified_gmt":"2026-03-17T13:50:32","slug":"aceitunas-arbequinas","status":"publish","type":"product","link":"https:\/\/mitjavilaslowshop.com\/es\/producte\/aceitunas-arbequinas\/","title":{"rendered":"ACEITUNAS ARBEQUINAS"},"content":{"rendered":"<p>Las aceitunas arbequinas, de tama\u00f1o peque\u00f1o y sabor delicado, destacan por su suavidad y sabor \u00fanico. Cultivadas de forma tradicional y sostenible, son perfectas para realzar aperitivos, ensaladas y platos gourmet.<br \/>Origen: La Granadella<\/p>\n","protected":false},"excerpt":{"rendered":"<p>Las aceitunas arbequinas, de tama\u00f1o peque\u00f1o y sabor delicado, destacan por su suavidad y sabor \u00fanico. Cultivadas de forma tradicional y sostenible, son perfectas para realzar aperitivos, ensaladas y platos gourmet.Origen: La Granadella<\/p>\n","protected":false},"featured_media":72786,"comment_status":"open","ping_status":"closed","template":"","meta":{"_acf_changed":false,"_joinchat":[]},"product_brand":[],"product_cat":[275],"product_tag":[],"class_list":{"0":"post-72785","1":"product","2":"type-product","3":"status-publish","4":"has-post-thumbnail","6":"product_cat-aceitunas","8":"first","9":"instock","10":"taxable","11":"shipping-taxable","12":"purchasable","13":"product-type-simple"},"acf":[],"_links":{"self":[{"href":"https:\/\/mitjavilaslowshop.com\/es\/wp-json\/wp\/v2\/product\/72785","targetHints":{"allow":["GET"]}}],"collection":[{"href":"https:\/\/mitjavilaslowshop.com\/es\/wp-json\/wp\/v2\/product"}],"about":[{"href":"https:\/\/mitjavilaslowshop.com\/es\/wp-json\/wp\/v2\/types\/product"}],"replies":[{"embeddable":true,"href":"https:\/\/mitjavilaslowshop.com\/es\/wp-json\/wp\/v2\/comments?post=72785"}],"version-history":[{"count":4,"href":"https:\/\/mitjavilaslowshop.com\/es\/wp-json\/wp\/v2\/product\/72785\/revisions"}],"predecessor-version":[{"id":79295,"href":"https:\/\/mitjavilaslowshop.com\/es\/wp-json\/wp\/v2\/product\/72785\/revisions\/79295"}],"wp:featuredmedia":[{"embeddable":true,"href":"https:\/\/mitjavilaslowshop.com\/es\/wp-json\/wp\/v2\/media\/72786"}],"wp:attachment":[{"href":"https:\/\/mitjavilaslowshop.com\/es\/wp-json\/wp\/v2\/media?parent=72785"}],"wp:term":[{"taxonomy":"product_brand","embeddable":true,"href":"https:\/\/mitjavilaslowshop.com\/es\/wp-json\/wp\/v2\/product_brand?post=72785"},{"taxonomy":"product_cat","embeddable":true,"href":"https:\/\/mitjavilaslowshop.com\/es\/wp-json\/wp\/v2\/product_cat?post=72785"},{"taxonomy":"product_tag","embeddable":true,"href":"https:\/\/mitjavilaslowshop.com\/es\/wp-json\/wp\/v2\/product_tag?post=72785"}],"curies":[{"name":"wp","href":"https:\/\/api.w.org\/{rel}","templated":true}]}}