{"id":72777,"date":"2026-01-04T18:26:11","date_gmt":"2026-01-04T18:26:11","guid":{"rendered":"https:\/\/mitjavilaslowshop.com\/producte\/marro-glace\/"},"modified":"2026-03-17T13:50:32","modified_gmt":"2026-03-17T13:50:32","slug":"marron-glace","status":"publish","type":"product","link":"https:\/\/mitjavilaslowshop.com\/es\/producte\/marron-glace\/","title":{"rendered":"MARR\u00d3N GLAC\u00c9"},"content":{"rendered":"<p>Casta\u00f1a confitada con textura suave y dulce. Un producto gourmet destacado por su sabor exquisito y su cuidadosa elaboraci\u00f3n. Perfecto para los paladares m\u00e1s exigentes.<\/p>\n","protected":false},"excerpt":{"rendered":"<p>Casta\u00f1a confitada con textura suave y dulce. Un producto gourmet destacado por su sabor exquisito y su cuidadosa elaboraci\u00f3n. Perfecto para los paladares m\u00e1s exigentes.<\/p>\n","protected":false},"featured_media":72778,"comment_status":"open","ping_status":"closed","template":"","meta":{"_acf_changed":false,"_joinchat":[]},"product_brand":[],"product_cat":[277],"product_tag":[],"class_list":{"0":"post-72777","1":"product","2":"type-product","3":"status-publish","4":"has-post-thumbnail","6":"product_cat-castana","8":"first","9":"instock","10":"taxable","11":"shipping-taxable","12":"purchasable","13":"product-type-simple"},"acf":[],"_links":{"self":[{"href":"https:\/\/mitjavilaslowshop.com\/es\/wp-json\/wp\/v2\/product\/72777","targetHints":{"allow":["GET"]}}],"collection":[{"href":"https:\/\/mitjavilaslowshop.com\/es\/wp-json\/wp\/v2\/product"}],"about":[{"href":"https:\/\/mitjavilaslowshop.com\/es\/wp-json\/wp\/v2\/types\/product"}],"replies":[{"embeddable":true,"href":"https:\/\/mitjavilaslowshop.com\/es\/wp-json\/wp\/v2\/comments?post=72777"}],"version-history":[{"count":4,"href":"https:\/\/mitjavilaslowshop.com\/es\/wp-json\/wp\/v2\/product\/72777\/revisions"}],"predecessor-version":[{"id":79293,"href":"https:\/\/mitjavilaslowshop.com\/es\/wp-json\/wp\/v2\/product\/72777\/revisions\/79293"}],"wp:featuredmedia":[{"embeddable":true,"href":"https:\/\/mitjavilaslowshop.com\/es\/wp-json\/wp\/v2\/media\/72778"}],"wp:attachment":[{"href":"https:\/\/mitjavilaslowshop.com\/es\/wp-json\/wp\/v2\/media?parent=72777"}],"wp:term":[{"taxonomy":"product_brand","embeddable":true,"href":"https:\/\/mitjavilaslowshop.com\/es\/wp-json\/wp\/v2\/product_brand?post=72777"},{"taxonomy":"product_cat","embeddable":true,"href":"https:\/\/mitjavilaslowshop.com\/es\/wp-json\/wp\/v2\/product_cat?post=72777"},{"taxonomy":"product_tag","embeddable":true,"href":"https:\/\/mitjavilaslowshop.com\/es\/wp-json\/wp\/v2\/product_tag?post=72777"}],"curies":[{"name":"wp","href":"https:\/\/api.w.org\/{rel}","templated":true}]}}