{"id":72773,"date":"2026-01-04T18:26:10","date_gmt":"2026-01-04T18:26:10","guid":{"rendered":"https:\/\/mitjavilaslowshop.com\/producte\/flocs-de-castanya-eco\/"},"modified":"2026-03-29T17:50:47","modified_gmt":"2026-03-29T17:50:47","slug":"copos-de-castana-ecologicos","status":"publish","type":"product","link":"https:\/\/mitjavilaslowshop.com\/es\/producte\/copos-de-castana-ecologicos\/","title":{"rendered":"COPOS DE CASTA\u00d1A ECOL\u00d3GICOS"},"content":{"rendered":"<p>Los copos de casta\u00f1a ecol\u00f3gicos son una alternativa nutritiva y vers\u00e1til para mejorar tus platos. Fabricados con casta\u00f1as 100% naturales y de cultivo sostenible, son perfectos para desayunos, postres, cremas, rellenos y productos de reposter\u00eda. Incorp\u00f3ralos en yogures, batidos, masas o cremas para a\u00f1adir textura y un sabor genuino.<\/p>\n","protected":false},"excerpt":{"rendered":"<p>Los copos de casta\u00f1a ecol\u00f3gicos son una alternativa nutritiva y vers\u00e1til para mejorar tus platos. Fabricados con casta\u00f1as 100% naturales y de cultivo sostenible, son perfectos para desayunos, postres, cremas, rellenos y productos de reposter\u00eda. Incorp\u00f3ralos en yogures, batidos, masas o cremas para a\u00f1adir textura y un sabor genuino.<\/p>\n","protected":false},"featured_media":72774,"comment_status":"open","ping_status":"closed","template":"","meta":{"_acf_changed":false,"_joinchat":[]},"product_brand":[],"product_cat":[277],"product_tag":[],"class_list":{"0":"post-72773","1":"product","2":"type-product","3":"status-publish","4":"has-post-thumbnail","6":"product_cat-castana","8":"first","9":"instock","10":"taxable","11":"shipping-taxable","12":"purchasable","13":"product-type-variable"},"acf":[],"_links":{"self":[{"href":"https:\/\/mitjavilaslowshop.com\/es\/wp-json\/wp\/v2\/product\/72773","targetHints":{"allow":["GET"]}}],"collection":[{"href":"https:\/\/mitjavilaslowshop.com\/es\/wp-json\/wp\/v2\/product"}],"about":[{"href":"https:\/\/mitjavilaslowshop.com\/es\/wp-json\/wp\/v2\/types\/product"}],"replies":[{"embeddable":true,"href":"https:\/\/mitjavilaslowshop.com\/es\/wp-json\/wp\/v2\/comments?post=72773"}],"version-history":[{"count":5,"href":"https:\/\/mitjavilaslowshop.com\/es\/wp-json\/wp\/v2\/product\/72773\/revisions"}],"predecessor-version":[{"id":87896,"href":"https:\/\/mitjavilaslowshop.com\/es\/wp-json\/wp\/v2\/product\/72773\/revisions\/87896"}],"wp:featuredmedia":[{"embeddable":true,"href":"https:\/\/mitjavilaslowshop.com\/es\/wp-json\/wp\/v2\/media\/72774"}],"wp:attachment":[{"href":"https:\/\/mitjavilaslowshop.com\/es\/wp-json\/wp\/v2\/media?parent=72773"}],"wp:term":[{"taxonomy":"product_brand","embeddable":true,"href":"https:\/\/mitjavilaslowshop.com\/es\/wp-json\/wp\/v2\/product_brand?post=72773"},{"taxonomy":"product_cat","embeddable":true,"href":"https:\/\/mitjavilaslowshop.com\/es\/wp-json\/wp\/v2\/product_cat?post=72773"},{"taxonomy":"product_tag","embeddable":true,"href":"https:\/\/mitjavilaslowshop.com\/es\/wp-json\/wp\/v2\/product_tag?post=72773"}],"curies":[{"name":"wp","href":"https:\/\/api.w.org\/{rel}","templated":true}]}}