{"id":72769,"date":"2026-01-04T18:26:10","date_gmt":"2026-01-04T18:26:10","guid":{"rendered":"https:\/\/mitjavilaslowshop.com\/producte\/castanya-secallona-eco\/"},"modified":"2026-03-17T13:50:31","modified_gmt":"2026-03-17T13:50:31","slug":"castaa-seca-ecologica","status":"publish","type":"product","link":"https:\/\/mitjavilaslowshop.com\/es\/producte\/castaa-seca-ecologica\/","title":{"rendered":"CASTA\u00d1A SECA ECOL\u00d3GICA"},"content":{"rendered":"<p>Casta\u00f1as ecol\u00f3gicas deshidratadas, un snack nutritivo y vers\u00e1til perfecto para una alimentaci\u00f3n saludable. Su sabor dulce y textura suave las hacen ideales para preparar postres, cremas, rellenos, salsas y aperitivos. Sin aditivos ni conservantes, 100% casta\u00f1a natural.<\/p>\n","protected":false},"excerpt":{"rendered":"<p>Casta\u00f1as ecol\u00f3gicas deshidratadas, un snack nutritivo y vers\u00e1til perfecto para una alimentaci\u00f3n saludable. Su sabor dulce y textura suave las hacen ideales para preparar postres, cremas, rellenos, salsas y aperitivos. Sin aditivos ni conservantes, 100% casta\u00f1a natural.<\/p>\n","protected":false},"featured_media":72770,"comment_status":"open","ping_status":"closed","template":"","meta":{"_acf_changed":false,"_joinchat":[]},"product_brand":[],"product_cat":[277],"product_tag":[],"class_list":{"0":"post-72769","1":"product","2":"type-product","3":"status-publish","4":"has-post-thumbnail","6":"product_cat-castana","8":"first","9":"instock","10":"taxable","11":"shipping-taxable","12":"purchasable","13":"product-type-variable","14":"has-default-attributes"},"acf":[],"_links":{"self":[{"href":"https:\/\/mitjavilaslowshop.com\/es\/wp-json\/wp\/v2\/product\/72769","targetHints":{"allow":["GET"]}}],"collection":[{"href":"https:\/\/mitjavilaslowshop.com\/es\/wp-json\/wp\/v2\/product"}],"about":[{"href":"https:\/\/mitjavilaslowshop.com\/es\/wp-json\/wp\/v2\/types\/product"}],"replies":[{"embeddable":true,"href":"https:\/\/mitjavilaslowshop.com\/es\/wp-json\/wp\/v2\/comments?post=72769"}],"version-history":[{"count":4,"href":"https:\/\/mitjavilaslowshop.com\/es\/wp-json\/wp\/v2\/product\/72769\/revisions"}],"predecessor-version":[{"id":79291,"href":"https:\/\/mitjavilaslowshop.com\/es\/wp-json\/wp\/v2\/product\/72769\/revisions\/79291"}],"wp:featuredmedia":[{"embeddable":true,"href":"https:\/\/mitjavilaslowshop.com\/es\/wp-json\/wp\/v2\/media\/72770"}],"wp:attachment":[{"href":"https:\/\/mitjavilaslowshop.com\/es\/wp-json\/wp\/v2\/media?parent=72769"}],"wp:term":[{"taxonomy":"product_brand","embeddable":true,"href":"https:\/\/mitjavilaslowshop.com\/es\/wp-json\/wp\/v2\/product_brand?post=72769"},{"taxonomy":"product_cat","embeddable":true,"href":"https:\/\/mitjavilaslowshop.com\/es\/wp-json\/wp\/v2\/product_cat?post=72769"},{"taxonomy":"product_tag","embeddable":true,"href":"https:\/\/mitjavilaslowshop.com\/es\/wp-json\/wp\/v2\/product_tag?post=72769"}],"curies":[{"name":"wp","href":"https:\/\/api.w.org\/{rel}","templated":true}]}}