{"id":72761,"date":"2026-01-04T18:26:09","date_gmt":"2026-01-04T18:26:09","guid":{"rendered":"https:\/\/mitjavilaslowshop.com\/producte\/infusio-castanya\/"},"modified":"2026-03-17T13:50:30","modified_gmt":"2026-03-17T13:50:30","slug":"infusion-de-cascara-de-castaa","status":"publish","type":"product","link":"https:\/\/mitjavilaslowshop.com\/es\/producte\/infusion-de-cascara-de-castaa\/","title":{"rendered":"INFUSI\u00d3N DE C\u00c1SCARA DE CASTA\u00d1A"},"content":{"rendered":"<p>Elaborada con las fragantes plantas medicinales del Montseny. Para preparar la infusi\u00f3n, calienta agua, vi\u00e9rtela en una taza y a\u00f1ade 1-2 cucharaditas. Tambi\u00e9n puedes prepararla caliente y dejarla enfriar para disfrutarla como infusi\u00f3n fr\u00eda, a\u00f1adiendo hojas de azahar, trozos de lim\u00f3n y cubitos de hielo.<\/p>\n","protected":false},"excerpt":{"rendered":"<p>Elaborada con las fragantes plantas medicinales del Montseny. Para preparar la infusi\u00f3n, calienta agua, vi\u00e9rtela en una taza y a\u00f1ade 1-2 cucharaditas. Tambi\u00e9n puedes prepararla caliente y dejarla enfriar para disfrutarla como infusi\u00f3n fr\u00eda, a\u00f1adiendo hojas de azahar, trozos de lim\u00f3n y cubitos de hielo.<\/p>\n","protected":false},"featured_media":72762,"comment_status":"open","ping_status":"closed","template":"","meta":{"_acf_changed":false,"_joinchat":[]},"product_brand":[],"product_cat":[277],"product_tag":[],"class_list":{"0":"post-72761","1":"product","2":"type-product","3":"status-publish","4":"has-post-thumbnail","6":"product_cat-castana","8":"first","9":"instock","10":"taxable","11":"shipping-taxable","12":"purchasable","13":"product-type-simple"},"acf":[],"_links":{"self":[{"href":"https:\/\/mitjavilaslowshop.com\/es\/wp-json\/wp\/v2\/product\/72761","targetHints":{"allow":["GET"]}}],"collection":[{"href":"https:\/\/mitjavilaslowshop.com\/es\/wp-json\/wp\/v2\/product"}],"about":[{"href":"https:\/\/mitjavilaslowshop.com\/es\/wp-json\/wp\/v2\/types\/product"}],"replies":[{"embeddable":true,"href":"https:\/\/mitjavilaslowshop.com\/es\/wp-json\/wp\/v2\/comments?post=72761"}],"version-history":[{"count":4,"href":"https:\/\/mitjavilaslowshop.com\/es\/wp-json\/wp\/v2\/product\/72761\/revisions"}],"predecessor-version":[{"id":79289,"href":"https:\/\/mitjavilaslowshop.com\/es\/wp-json\/wp\/v2\/product\/72761\/revisions\/79289"}],"wp:featuredmedia":[{"embeddable":true,"href":"https:\/\/mitjavilaslowshop.com\/es\/wp-json\/wp\/v2\/media\/72762"}],"wp:attachment":[{"href":"https:\/\/mitjavilaslowshop.com\/es\/wp-json\/wp\/v2\/media?parent=72761"}],"wp:term":[{"taxonomy":"product_brand","embeddable":true,"href":"https:\/\/mitjavilaslowshop.com\/es\/wp-json\/wp\/v2\/product_brand?post=72761"},{"taxonomy":"product_cat","embeddable":true,"href":"https:\/\/mitjavilaslowshop.com\/es\/wp-json\/wp\/v2\/product_cat?post=72761"},{"taxonomy":"product_tag","embeddable":true,"href":"https:\/\/mitjavilaslowshop.com\/es\/wp-json\/wp\/v2\/product_tag?post=72761"}],"curies":[{"name":"wp","href":"https:\/\/api.w.org\/{rel}","templated":true}]}}