{"id":72708,"date":"2026-01-04T18:22:19","date_gmt":"2026-01-04T18:22:19","guid":{"rendered":"https:\/\/mitjavilaslowshop.com\/producte\/flocs-blat-de-moro\/"},"modified":"2026-04-10T15:58:30","modified_gmt":"2026-04-10T15:58:30","slug":"copos-de-maiz","status":"publish","type":"product","link":"https:\/\/mitjavilaslowshop.com\/es\/producte\/copos-de-maiz\/","title":{"rendered":"COPOS DE MA\u00cdZ"},"content":{"rendered":"<p>Los copos de ma\u00edz son una opci\u00f3n ligera y nutritiva para empezar el d\u00eda con energ\u00eda. Elaborados con ma\u00edz 100% natural, sin aditivos ni conservantes, son ideales para desayunos, postres y recetas saludables.<\/p>\n<p>Origen: nacional<\/p>\n","protected":false},"excerpt":{"rendered":"<p>Los copos de ma\u00edz son una opci\u00f3n ligera y nutritiva para empezar el d\u00eda con energ\u00eda. Elaborados con ma\u00edz 100% natural, sin aditivos ni conservantes, son ideales para desayunos, postres y recetas saludables.<\/p>\n<p>Origen: nacional<\/p>\n","protected":false},"featured_media":72709,"comment_status":"open","ping_status":"closed","template":"","meta":{"_acf_changed":false,"_joinchat":[]},"product_brand":[440,572],"product_cat":[347],"product_tag":[],"class_list":{"0":"post-72708","1":"product","2":"type-product","3":"status-publish","4":"has-post-thumbnail","6":"product_brand-ecologic","7":"product_brand-gourmet","8":"product_cat-cereales-de-desayuno","9":"categoria-per-dieta-ecologic","10":"categoria-per-dieta-gourmet","12":"first","13":"instock","14":"taxable","15":"shipping-taxable","16":"purchasable","17":"product-type-variable","18":"has-default-attributes"},"acf":[],"_links":{"self":[{"href":"https:\/\/mitjavilaslowshop.com\/es\/wp-json\/wp\/v2\/product\/72708","targetHints":{"allow":["GET"]}}],"collection":[{"href":"https:\/\/mitjavilaslowshop.com\/es\/wp-json\/wp\/v2\/product"}],"about":[{"href":"https:\/\/mitjavilaslowshop.com\/es\/wp-json\/wp\/v2\/types\/product"}],"replies":[{"embeddable":true,"href":"https:\/\/mitjavilaslowshop.com\/es\/wp-json\/wp\/v2\/comments?post=72708"}],"version-history":[{"count":8,"href":"https:\/\/mitjavilaslowshop.com\/es\/wp-json\/wp\/v2\/product\/72708\/revisions"}],"predecessor-version":[{"id":91809,"href":"https:\/\/mitjavilaslowshop.com\/es\/wp-json\/wp\/v2\/product\/72708\/revisions\/91809"}],"wp:featuredmedia":[{"embeddable":true,"href":"https:\/\/mitjavilaslowshop.com\/es\/wp-json\/wp\/v2\/media\/72709"}],"wp:attachment":[{"href":"https:\/\/mitjavilaslowshop.com\/es\/wp-json\/wp\/v2\/media?parent=72708"}],"wp:term":[{"taxonomy":"product_brand","embeddable":true,"href":"https:\/\/mitjavilaslowshop.com\/es\/wp-json\/wp\/v2\/product_brand?post=72708"},{"taxonomy":"product_cat","embeddable":true,"href":"https:\/\/mitjavilaslowshop.com\/es\/wp-json\/wp\/v2\/product_cat?post=72708"},{"taxonomy":"product_tag","embeddable":true,"href":"https:\/\/mitjavilaslowshop.com\/es\/wp-json\/wp\/v2\/product_tag?post=72708"}],"curies":[{"name":"wp","href":"https:\/\/api.w.org\/{rel}","templated":true}]}}