{"id":72704,"date":"2026-01-04T18:22:20","date_gmt":"2026-01-04T18:22:20","guid":{"rendered":"https:\/\/mitjavilaslowshop.com\/producte\/flocs-civada-eco\/"},"modified":"2026-04-10T15:44:50","modified_gmt":"2026-04-10T15:44:50","slug":"copos-de-avena-ecologicos","status":"publish","type":"product","link":"https:\/\/mitjavilaslowshop.com\/es\/producte\/copos-de-avena-ecologicos\/","title":{"rendered":"COPOS DE AVENA ECOL\u00d3GICOS"},"content":{"rendered":"<p>Los copos de avena ecol\u00f3gicos son un alimento completo y vers\u00e1til ideal para desayunos, postres y recetas saludables. Elaborados con avena 100% natural y procedente de cultivo sostenible, son perfectos para cuidar de tu alimentaci\u00f3n con sabor aut\u00e9ntico.<\/p>\n<p>Origen: nacional<\/p>\n","protected":false},"excerpt":{"rendered":"<p>Los copos de avena ecol\u00f3gicos son un alimento completo y vers\u00e1til ideal para desayunos, postres y recetas saludables. Elaborados con avena 100% natural y procedente de cultivo sostenible, son perfectos para cuidar de tu alimentaci\u00f3n con sabor aut\u00e9ntico.<\/p>\n<p>Origen: nacional<\/p>\n","protected":false},"featured_media":72705,"comment_status":"open","ping_status":"closed","template":"","meta":{"_acf_changed":false,"_joinchat":[]},"product_brand":[440,572],"product_cat":[347],"product_tag":[],"class_list":{"0":"post-72704","1":"product","2":"type-product","3":"status-publish","4":"has-post-thumbnail","6":"product_brand-ecologic","7":"product_brand-gourmet","8":"product_cat-cereales-de-desayuno","9":"categoria-per-dieta-ecologic","10":"categoria-per-dieta-gourmet","12":"first","13":"instock","14":"taxable","15":"shipping-taxable","16":"purchasable","17":"product-type-variable","18":"has-default-attributes"},"acf":[],"_links":{"self":[{"href":"https:\/\/mitjavilaslowshop.com\/es\/wp-json\/wp\/v2\/product\/72704","targetHints":{"allow":["GET"]}}],"collection":[{"href":"https:\/\/mitjavilaslowshop.com\/es\/wp-json\/wp\/v2\/product"}],"about":[{"href":"https:\/\/mitjavilaslowshop.com\/es\/wp-json\/wp\/v2\/types\/product"}],"replies":[{"embeddable":true,"href":"https:\/\/mitjavilaslowshop.com\/es\/wp-json\/wp\/v2\/comments?post=72704"}],"version-history":[{"count":7,"href":"https:\/\/mitjavilaslowshop.com\/es\/wp-json\/wp\/v2\/product\/72704\/revisions"}],"predecessor-version":[{"id":91749,"href":"https:\/\/mitjavilaslowshop.com\/es\/wp-json\/wp\/v2\/product\/72704\/revisions\/91749"}],"wp:featuredmedia":[{"embeddable":true,"href":"https:\/\/mitjavilaslowshop.com\/es\/wp-json\/wp\/v2\/media\/72705"}],"wp:attachment":[{"href":"https:\/\/mitjavilaslowshop.com\/es\/wp-json\/wp\/v2\/media?parent=72704"}],"wp:term":[{"taxonomy":"product_brand","embeddable":true,"href":"https:\/\/mitjavilaslowshop.com\/es\/wp-json\/wp\/v2\/product_brand?post=72704"},{"taxonomy":"product_cat","embeddable":true,"href":"https:\/\/mitjavilaslowshop.com\/es\/wp-json\/wp\/v2\/product_cat?post=72704"},{"taxonomy":"product_tag","embeddable":true,"href":"https:\/\/mitjavilaslowshop.com\/es\/wp-json\/wp\/v2\/product_tag?post=72704"}],"curies":[{"name":"wp","href":"https:\/\/api.w.org\/{rel}","templated":true}]}}