{"id":72696,"date":"2026-01-04T18:22:21","date_gmt":"2026-01-04T18:22:21","guid":{"rendered":"https:\/\/mitjavilaslowshop.com\/producte\/llavors-rabanets-rosa-eco\/"},"modified":"2026-03-17T13:50:26","modified_gmt":"2026-03-17T13:50:26","slug":"semillas-de-rabano-rosa-ecologicas","status":"publish","type":"product","link":"https:\/\/mitjavilaslowshop.com\/es\/producte\/semillas-de-rabano-rosa-ecologicas\/","title":{"rendered":"SEMILLAS DE R\u00c1BANO ROSA ECOL\u00d3GICAS"},"content":{"rendered":"<p>Las semillas de r\u00e1bano rosa para germinados son ideales para cultivar brotes frescos y llenos de nutrientes en casa. Los germinados de r\u00e1bano destacan por su sabor ligeramente picante, su textura crujiente y su alto contenido en vitaminas A, B, C y minerales esenciales. Perfectos para ensaladas, bocadillos y platos saludables.<\/p>\n","protected":false},"excerpt":{"rendered":"<p>Las semillas de r\u00e1bano rosa para germinados son ideales para cultivar brotes frescos y llenos de nutrientes en casa. Los germinados de r\u00e1bano destacan por su sabor ligeramente picante, su textura crujiente y su alto contenido en vitaminas A, B, C y minerales esenciales. Perfectos para ensaladas, bocadillos y platos saludables.<\/p>\n","protected":false},"featured_media":72697,"comment_status":"open","ping_status":"closed","template":"","meta":{"_acf_changed":false,"_joinchat":[]},"product_brand":[440],"product_cat":[345],"product_tag":[],"class_list":{"0":"post-72696","1":"product","2":"type-product","3":"status-publish","4":"has-post-thumbnail","6":"product_brand-ecologic","7":"product_cat-semillas","8":"categoria-per-dieta-ecologic","10":"first","11":"instock","12":"taxable","13":"shipping-taxable","14":"purchasable","15":"product-type-variable","16":"has-default-attributes"},"acf":[],"_links":{"self":[{"href":"https:\/\/mitjavilaslowshop.com\/es\/wp-json\/wp\/v2\/product\/72696","targetHints":{"allow":["GET"]}}],"collection":[{"href":"https:\/\/mitjavilaslowshop.com\/es\/wp-json\/wp\/v2\/product"}],"about":[{"href":"https:\/\/mitjavilaslowshop.com\/es\/wp-json\/wp\/v2\/types\/product"}],"replies":[{"embeddable":true,"href":"https:\/\/mitjavilaslowshop.com\/es\/wp-json\/wp\/v2\/comments?post=72696"}],"version-history":[{"count":6,"href":"https:\/\/mitjavilaslowshop.com\/es\/wp-json\/wp\/v2\/product\/72696\/revisions"}],"predecessor-version":[{"id":81649,"href":"https:\/\/mitjavilaslowshop.com\/es\/wp-json\/wp\/v2\/product\/72696\/revisions\/81649"}],"wp:featuredmedia":[{"embeddable":true,"href":"https:\/\/mitjavilaslowshop.com\/es\/wp-json\/wp\/v2\/media\/72697"}],"wp:attachment":[{"href":"https:\/\/mitjavilaslowshop.com\/es\/wp-json\/wp\/v2\/media?parent=72696"}],"wp:term":[{"taxonomy":"product_brand","embeddable":true,"href":"https:\/\/mitjavilaslowshop.com\/es\/wp-json\/wp\/v2\/product_brand?post=72696"},{"taxonomy":"product_cat","embeddable":true,"href":"https:\/\/mitjavilaslowshop.com\/es\/wp-json\/wp\/v2\/product_cat?post=72696"},{"taxonomy":"product_tag","embeddable":true,"href":"https:\/\/mitjavilaslowshop.com\/es\/wp-json\/wp\/v2\/product_tag?post=72696"}],"curies":[{"name":"wp","href":"https:\/\/api.w.org\/{rel}","templated":true}]}}