{"id":72692,"date":"2026-01-04T18:22:22","date_gmt":"2026-01-04T18:22:22","guid":{"rendered":"https:\/\/mitjavilaslowshop.com\/producte\/mix-llavors\/"},"modified":"2026-03-17T13:50:26","modified_gmt":"2026-03-17T13:50:26","slug":"mezcla-de-semillas","status":"publish","type":"product","link":"https:\/\/mitjavilaslowshop.com\/es\/producte\/mezcla-de-semillas\/","title":{"rendered":"MEZCLA DE SEMILLAS"},"content":{"rendered":"<p>La mezcla de semillas para germinados es ideal para cultivar brotes frescos, nutritivos y sabrosos en casa. Contiene una selecci\u00f3n balanceada de semillas como alfalfa y r\u00e1bano, perfectas para a\u00f1adir un toque saludable a ensaladas, s\u00e1ndwiches y otras recetas.<\/p>\n","protected":false},"excerpt":{"rendered":"<p>La mezcla de semillas para germinados es ideal para cultivar brotes frescos, nutritivos y sabrosos en casa. Contiene una selecci\u00f3n balanceada de semillas como alfalfa y r\u00e1bano, perfectas para a\u00f1adir un toque saludable a ensaladas, s\u00e1ndwiches y otras recetas.<\/p>\n","protected":false},"featured_media":72693,"comment_status":"open","ping_status":"closed","template":"","meta":{"_acf_changed":false,"_joinchat":[]},"product_brand":[440],"product_cat":[345],"product_tag":[],"class_list":{"0":"post-72692","1":"product","2":"type-product","3":"status-publish","4":"has-post-thumbnail","6":"product_brand-ecologic","7":"product_cat-semillas","8":"categoria-per-dieta-ecologic","10":"first","11":"instock","12":"taxable","13":"shipping-taxable","14":"purchasable","15":"product-type-variable","16":"has-default-attributes"},"acf":[],"_links":{"self":[{"href":"https:\/\/mitjavilaslowshop.com\/es\/wp-json\/wp\/v2\/product\/72692","targetHints":{"allow":["GET"]}}],"collection":[{"href":"https:\/\/mitjavilaslowshop.com\/es\/wp-json\/wp\/v2\/product"}],"about":[{"href":"https:\/\/mitjavilaslowshop.com\/es\/wp-json\/wp\/v2\/types\/product"}],"replies":[{"embeddable":true,"href":"https:\/\/mitjavilaslowshop.com\/es\/wp-json\/wp\/v2\/comments?post=72692"}],"version-history":[{"count":6,"href":"https:\/\/mitjavilaslowshop.com\/es\/wp-json\/wp\/v2\/product\/72692\/revisions"}],"predecessor-version":[{"id":81648,"href":"https:\/\/mitjavilaslowshop.com\/es\/wp-json\/wp\/v2\/product\/72692\/revisions\/81648"}],"wp:featuredmedia":[{"embeddable":true,"href":"https:\/\/mitjavilaslowshop.com\/es\/wp-json\/wp\/v2\/media\/72693"}],"wp:attachment":[{"href":"https:\/\/mitjavilaslowshop.com\/es\/wp-json\/wp\/v2\/media?parent=72692"}],"wp:term":[{"taxonomy":"product_brand","embeddable":true,"href":"https:\/\/mitjavilaslowshop.com\/es\/wp-json\/wp\/v2\/product_brand?post=72692"},{"taxonomy":"product_cat","embeddable":true,"href":"https:\/\/mitjavilaslowshop.com\/es\/wp-json\/wp\/v2\/product_cat?post=72692"},{"taxonomy":"product_tag","embeddable":true,"href":"https:\/\/mitjavilaslowshop.com\/es\/wp-json\/wp\/v2\/product_tag?post=72692"}],"curies":[{"name":"wp","href":"https:\/\/api.w.org\/{rel}","templated":true}]}}