{"id":72688,"date":"2026-01-04T18:22:22","date_gmt":"2026-01-04T18:22:22","guid":{"rendered":"https:\/\/mitjavilaslowshop.com\/producte\/germinador\/"},"modified":"2026-03-17T13:50:24","modified_gmt":"2026-03-17T13:50:24","slug":"germinador","status":"publish","type":"product","link":"https:\/\/mitjavilaslowshop.com\/es\/producte\/germinador\/","title":{"rendered":"GERMINADOR"},"content":{"rendered":"<p>El germinador es la soluci\u00f3n ideal para cultivar brotes frescos en casa de manera sencilla, r\u00e1pida y segura. Perfecto para semillas como alfalfa, r\u00e1bano, ajo, lentejas, soja y otras variedades, este germinador te permite obtener brotes nutritivos y sabrosos en tan solo unos d\u00edas.<\/p>\n","protected":false},"excerpt":{"rendered":"<p>El germinador es la soluci\u00f3n ideal para cultivar brotes frescos en casa de manera sencilla, r\u00e1pida y segura. Perfecto para semillas como alfalfa, r\u00e1bano, ajo, lentejas, soja y otras variedades, este germinador te permite obtener brotes nutritivos y sabrosos en tan solo unos d\u00edas.<\/p>\n","protected":false},"featured_media":72689,"comment_status":"open","ping_status":"closed","template":"","meta":{"_acf_changed":false,"_joinchat":[]},"product_brand":[],"product_cat":[345],"product_tag":[],"class_list":{"0":"post-72688","1":"product","2":"type-product","3":"status-publish","4":"has-post-thumbnail","6":"product_cat-semillas","8":"first","9":"instock","10":"taxable","11":"shipping-taxable","12":"purchasable","13":"product-type-simple"},"acf":[],"_links":{"self":[{"href":"https:\/\/mitjavilaslowshop.com\/es\/wp-json\/wp\/v2\/product\/72688","targetHints":{"allow":["GET"]}}],"collection":[{"href":"https:\/\/mitjavilaslowshop.com\/es\/wp-json\/wp\/v2\/product"}],"about":[{"href":"https:\/\/mitjavilaslowshop.com\/es\/wp-json\/wp\/v2\/types\/product"}],"replies":[{"embeddable":true,"href":"https:\/\/mitjavilaslowshop.com\/es\/wp-json\/wp\/v2\/comments?post=72688"}],"version-history":[{"count":6,"href":"https:\/\/mitjavilaslowshop.com\/es\/wp-json\/wp\/v2\/product\/72688\/revisions"}],"predecessor-version":[{"id":81647,"href":"https:\/\/mitjavilaslowshop.com\/es\/wp-json\/wp\/v2\/product\/72688\/revisions\/81647"}],"wp:featuredmedia":[{"embeddable":true,"href":"https:\/\/mitjavilaslowshop.com\/es\/wp-json\/wp\/v2\/media\/72689"}],"wp:attachment":[{"href":"https:\/\/mitjavilaslowshop.com\/es\/wp-json\/wp\/v2\/media?parent=72688"}],"wp:term":[{"taxonomy":"product_brand","embeddable":true,"href":"https:\/\/mitjavilaslowshop.com\/es\/wp-json\/wp\/v2\/product_brand?post=72688"},{"taxonomy":"product_cat","embeddable":true,"href":"https:\/\/mitjavilaslowshop.com\/es\/wp-json\/wp\/v2\/product_cat?post=72688"},{"taxonomy":"product_tag","embeddable":true,"href":"https:\/\/mitjavilaslowshop.com\/es\/wp-json\/wp\/v2\/product_tag?post=72688"}],"curies":[{"name":"wp","href":"https:\/\/api.w.org\/{rel}","templated":true}]}}