{"id":72684,"date":"2026-01-04T18:22:23","date_gmt":"2026-01-04T18:22:23","guid":{"rendered":"https:\/\/mitjavilaslowshop.com\/producte\/llavors-brocoli\/"},"modified":"2026-03-17T13:50:24","modified_gmt":"2026-03-17T13:50:24","slug":"semillas-de-brocoli","status":"publish","type":"product","link":"https:\/\/mitjavilaslowshop.com\/es\/producte\/semillas-de-brocoli\/","title":{"rendered":"SEMILLAS DE BR\u00d3COLI"},"content":{"rendered":"<p>Las semillas de br\u00f3coli para germinar son ideales para obtener brotes frescos y nutritivos en casa. Los brotes de br\u00f3coli destacan por su riqueza en antioxidantes, vitaminas A, C y K, adem\u00e1s de sulforafano, un compuesto natural que contribuye a fortalecer el sistema inmunol\u00f3gico y mejorar la salud general.<\/p>\n","protected":false},"excerpt":{"rendered":"<p>Las semillas de br\u00f3coli para germinar son ideales para obtener brotes frescos y nutritivos en casa. Los brotes de br\u00f3coli destacan por su riqueza en antioxidantes, vitaminas A, C y K, adem\u00e1s de sulforafano, un compuesto natural que contribuye a fortalecer el sistema inmunol\u00f3gico y mejorar la salud general.<\/p>\n","protected":false},"featured_media":72685,"comment_status":"open","ping_status":"closed","template":"","meta":{"_acf_changed":false,"_joinchat":[]},"product_brand":[440,572],"product_cat":[345],"product_tag":[],"class_list":{"0":"post-72684","1":"product","2":"type-product","3":"status-publish","4":"has-post-thumbnail","6":"product_brand-ecologic","7":"product_brand-gourmet","8":"product_cat-semillas","9":"categoria-per-dieta-ecologic","10":"categoria-per-dieta-gourmet","12":"first","13":"instock","14":"taxable","15":"shipping-taxable","16":"purchasable","17":"product-type-variable","18":"has-default-attributes"},"acf":[],"_links":{"self":[{"href":"https:\/\/mitjavilaslowshop.com\/es\/wp-json\/wp\/v2\/product\/72684","targetHints":{"allow":["GET"]}}],"collection":[{"href":"https:\/\/mitjavilaslowshop.com\/es\/wp-json\/wp\/v2\/product"}],"about":[{"href":"https:\/\/mitjavilaslowshop.com\/es\/wp-json\/wp\/v2\/types\/product"}],"replies":[{"embeddable":true,"href":"https:\/\/mitjavilaslowshop.com\/es\/wp-json\/wp\/v2\/comments?post=72684"}],"version-history":[{"count":6,"href":"https:\/\/mitjavilaslowshop.com\/es\/wp-json\/wp\/v2\/product\/72684\/revisions"}],"predecessor-version":[{"id":81646,"href":"https:\/\/mitjavilaslowshop.com\/es\/wp-json\/wp\/v2\/product\/72684\/revisions\/81646"}],"wp:featuredmedia":[{"embeddable":true,"href":"https:\/\/mitjavilaslowshop.com\/es\/wp-json\/wp\/v2\/media\/72685"}],"wp:attachment":[{"href":"https:\/\/mitjavilaslowshop.com\/es\/wp-json\/wp\/v2\/media?parent=72684"}],"wp:term":[{"taxonomy":"product_brand","embeddable":true,"href":"https:\/\/mitjavilaslowshop.com\/es\/wp-json\/wp\/v2\/product_brand?post=72684"},{"taxonomy":"product_cat","embeddable":true,"href":"https:\/\/mitjavilaslowshop.com\/es\/wp-json\/wp\/v2\/product_cat?post=72684"},{"taxonomy":"product_tag","embeddable":true,"href":"https:\/\/mitjavilaslowshop.com\/es\/wp-json\/wp\/v2\/product_tag?post=72684"}],"curies":[{"name":"wp","href":"https:\/\/api.w.org\/{rel}","templated":true}]}}