{"id":72680,"date":"2026-01-04T18:22:23","date_gmt":"2026-01-04T18:22:23","guid":{"rendered":"https:\/\/mitjavilaslowshop.com\/producte\/xia-eco\/"},"modified":"2026-03-17T13:50:24","modified_gmt":"2026-03-17T13:50:24","slug":"xia-eco","status":"publish","type":"product","link":"https:\/\/mitjavilaslowshop.com\/es\/producte\/xia-eco\/","title":{"rendered":"XIA ECO"},"content":{"rendered":"<p>Las semillas de ch\u00eda ecol\u00f3gicas son un superalimento fundamental para una alimentaci\u00f3n saludable. Con alto contenido en omega-3, fibra, prote\u00ednas vegetales y antioxidantes, la ch\u00eda favorece la digesti\u00f3n, aumenta la energ\u00eda y protege la salud cardiovascular. Perfectas para incorporar en yogures, batidos, ensaladas o para elaborar el popular pudding de ch\u00eda.<br \/>Origen: Bolivia<\/p>\n","protected":false},"excerpt":{"rendered":"<p>Las semillas de ch\u00eda ecol\u00f3gicas son un superalimento fundamental para una alimentaci\u00f3n saludable. Con alto contenido en omega-3, fibra, prote\u00ednas vegetales y antioxidantes, la ch\u00eda favorece la digesti\u00f3n, aumenta la energ\u00eda y protege la salud cardiovascular. Perfectas para incorporar en yogures, batidos, ensaladas o para elaborar el popular pudding de ch\u00eda.Origen: Bolivia<\/p>\n","protected":false},"featured_media":72681,"comment_status":"open","ping_status":"closed","template":"","meta":{"_acf_changed":false,"_joinchat":[]},"product_brand":[440,572],"product_cat":[345],"product_tag":[],"class_list":{"0":"post-72680","1":"product","2":"type-product","3":"status-publish","4":"has-post-thumbnail","6":"product_brand-ecologic","7":"product_brand-gourmet","8":"product_cat-semillas","9":"categoria-per-dieta-ecologic","10":"categoria-per-dieta-gourmet","12":"first","13":"instock","14":"taxable","15":"shipping-taxable","16":"purchasable","17":"product-type-variable","18":"has-default-attributes"},"acf":[],"_links":{"self":[{"href":"https:\/\/mitjavilaslowshop.com\/es\/wp-json\/wp\/v2\/product\/72680","targetHints":{"allow":["GET"]}}],"collection":[{"href":"https:\/\/mitjavilaslowshop.com\/es\/wp-json\/wp\/v2\/product"}],"about":[{"href":"https:\/\/mitjavilaslowshop.com\/es\/wp-json\/wp\/v2\/types\/product"}],"replies":[{"embeddable":true,"href":"https:\/\/mitjavilaslowshop.com\/es\/wp-json\/wp\/v2\/comments?post=72680"}],"version-history":[{"count":6,"href":"https:\/\/mitjavilaslowshop.com\/es\/wp-json\/wp\/v2\/product\/72680\/revisions"}],"predecessor-version":[{"id":81645,"href":"https:\/\/mitjavilaslowshop.com\/es\/wp-json\/wp\/v2\/product\/72680\/revisions\/81645"}],"wp:featuredmedia":[{"embeddable":true,"href":"https:\/\/mitjavilaslowshop.com\/es\/wp-json\/wp\/v2\/media\/72681"}],"wp:attachment":[{"href":"https:\/\/mitjavilaslowshop.com\/es\/wp-json\/wp\/v2\/media?parent=72680"}],"wp:term":[{"taxonomy":"product_brand","embeddable":true,"href":"https:\/\/mitjavilaslowshop.com\/es\/wp-json\/wp\/v2\/product_brand?post=72680"},{"taxonomy":"product_cat","embeddable":true,"href":"https:\/\/mitjavilaslowshop.com\/es\/wp-json\/wp\/v2\/product_cat?post=72680"},{"taxonomy":"product_tag","embeddable":true,"href":"https:\/\/mitjavilaslowshop.com\/es\/wp-json\/wp\/v2\/product_tag?post=72680"}],"curies":[{"name":"wp","href":"https:\/\/api.w.org\/{rel}","templated":true}]}}