{"id":72676,"date":"2026-01-04T18:22:24","date_gmt":"2026-01-04T18:22:24","guid":{"rendered":"https:\/\/mitjavilaslowshop.com\/producte\/sesam-torrat\/"},"modified":"2026-04-11T10:12:28","modified_gmt":"2026-04-11T10:12:28","slug":"sesamo-tostado","status":"publish","type":"product","link":"https:\/\/mitjavilaslowshop.com\/es\/producte\/sesamo-tostado\/","title":{"rendered":"S\u00c9SAMO TOSTADO"},"content":{"rendered":"<p>El s\u00e9samo tostado es un ingrediente nutritivo y vers\u00e1til que a\u00f1ade un sabor crujiente y arom\u00e1tico a tus platos. Estas semillas son una excelente fuente de calcio, hierro, prote\u00ednas vegetales y grasas saludables, perfectas para ensaladas, panes, salsas como el tahini y recetas de cocina oriental.<\/p>\n<p>Origen: Am\u00e9rica<\/p>\n","protected":false},"excerpt":{"rendered":"<p>El s\u00e9samo tostado es un ingrediente nutritivo y vers\u00e1til que a\u00f1ade un sabor crujiente y arom\u00e1tico a tus platos. Estas semillas son una excelente fuente de calcio, hierro, prote\u00ednas vegetales y grasas saludables, perfectas para ensaladas, panes, salsas como el tahini y recetas de cocina oriental.<\/p>\n<p>Origen: Am\u00e9rica<\/p>\n","protected":false},"featured_media":72677,"comment_status":"open","ping_status":"closed","template":"","meta":{"_acf_changed":false,"_joinchat":[]},"product_brand":[440,572],"product_cat":[345],"product_tag":[],"class_list":{"0":"post-72676","1":"product","2":"type-product","3":"status-publish","4":"has-post-thumbnail","6":"product_brand-ecologic","7":"product_brand-gourmet","8":"product_cat-semillas","9":"categoria-per-dieta-ecologic","10":"categoria-per-dieta-gourmet","12":"first","13":"instock","14":"taxable","15":"shipping-taxable","16":"purchasable","17":"product-type-variable","18":"has-default-attributes"},"acf":[],"_links":{"self":[{"href":"https:\/\/mitjavilaslowshop.com\/es\/wp-json\/wp\/v2\/product\/72676","targetHints":{"allow":["GET"]}}],"collection":[{"href":"https:\/\/mitjavilaslowshop.com\/es\/wp-json\/wp\/v2\/product"}],"about":[{"href":"https:\/\/mitjavilaslowshop.com\/es\/wp-json\/wp\/v2\/types\/product"}],"replies":[{"embeddable":true,"href":"https:\/\/mitjavilaslowshop.com\/es\/wp-json\/wp\/v2\/comments?post=72676"}],"version-history":[{"count":7,"href":"https:\/\/mitjavilaslowshop.com\/es\/wp-json\/wp\/v2\/product\/72676\/revisions"}],"predecessor-version":[{"id":92034,"href":"https:\/\/mitjavilaslowshop.com\/es\/wp-json\/wp\/v2\/product\/72676\/revisions\/92034"}],"wp:featuredmedia":[{"embeddable":true,"href":"https:\/\/mitjavilaslowshop.com\/es\/wp-json\/wp\/v2\/media\/72677"}],"wp:attachment":[{"href":"https:\/\/mitjavilaslowshop.com\/es\/wp-json\/wp\/v2\/media?parent=72676"}],"wp:term":[{"taxonomy":"product_brand","embeddable":true,"href":"https:\/\/mitjavilaslowshop.com\/es\/wp-json\/wp\/v2\/product_brand?post=72676"},{"taxonomy":"product_cat","embeddable":true,"href":"https:\/\/mitjavilaslowshop.com\/es\/wp-json\/wp\/v2\/product_cat?post=72676"},{"taxonomy":"product_tag","embeddable":true,"href":"https:\/\/mitjavilaslowshop.com\/es\/wp-json\/wp\/v2\/product_tag?post=72676"}],"curies":[{"name":"wp","href":"https:\/\/api.w.org\/{rel}","templated":true}]}}