{"id":72672,"date":"2026-01-04T18:22:24","date_gmt":"2026-01-04T18:22:24","guid":{"rendered":"https:\/\/mitjavilaslowshop.com\/producte\/lli-marro\/"},"modified":"2026-04-11T10:27:22","modified_gmt":"2026-04-11T10:27:22","slug":"semillas-de-lino-marron","status":"publish","type":"product","link":"https:\/\/mitjavilaslowshop.com\/es\/producte\/semillas-de-lino-marron\/","title":{"rendered":"SEMILLAS DE LINO MARR\u00d3N"},"content":{"rendered":"<p>Las semillas de lino marr\u00f3n son un alimento clave para una dieta equilibrada. Con un alto contenido en fibra, \u00e1cidos grasos omega-3 y prote\u00ednas vegetales, el lino contribuye a una mejor digesti\u00f3n, protege la salud cardiovascular y proporciona energ\u00eda natural. Son ideales para incorporar en yogures, ensaladas, batidos o en la elaboraci\u00f3n de panes y galletas.<\/p>\n<p>Origen: Polonia<\/p>\n","protected":false},"excerpt":{"rendered":"<p>Las semillas de lino marr\u00f3n son un alimento clave para una dieta equilibrada. Con un alto contenido en fibra, \u00e1cidos grasos omega-3 y prote\u00ednas vegetales, el lino contribuye a una mejor digesti\u00f3n, protege la salud cardiovascular y proporciona energ\u00eda natural. Son ideales para incorporar en yogures, ensaladas, batidos o en la elaboraci\u00f3n de panes y galletas.<\/p>\n<p>Origen: Polonia<\/p>\n","protected":false},"featured_media":72673,"comment_status":"open","ping_status":"closed","template":"","meta":{"_acf_changed":false,"_joinchat":[]},"product_brand":[440],"product_cat":[345],"product_tag":[],"class_list":{"0":"post-72672","1":"product","2":"type-product","3":"status-publish","4":"has-post-thumbnail","6":"product_brand-ecologic","7":"product_cat-semillas","8":"categoria-per-dieta-ecologic","10":"first","11":"instock","12":"taxable","13":"shipping-taxable","14":"purchasable","15":"product-type-variable","16":"has-default-attributes"},"acf":[],"_links":{"self":[{"href":"https:\/\/mitjavilaslowshop.com\/es\/wp-json\/wp\/v2\/product\/72672","targetHints":{"allow":["GET"]}}],"collection":[{"href":"https:\/\/mitjavilaslowshop.com\/es\/wp-json\/wp\/v2\/product"}],"about":[{"href":"https:\/\/mitjavilaslowshop.com\/es\/wp-json\/wp\/v2\/types\/product"}],"replies":[{"embeddable":true,"href":"https:\/\/mitjavilaslowshop.com\/es\/wp-json\/wp\/v2\/comments?post=72672"}],"version-history":[{"count":8,"href":"https:\/\/mitjavilaslowshop.com\/es\/wp-json\/wp\/v2\/product\/72672\/revisions"}],"predecessor-version":[{"id":92065,"href":"https:\/\/mitjavilaslowshop.com\/es\/wp-json\/wp\/v2\/product\/72672\/revisions\/92065"}],"wp:featuredmedia":[{"embeddable":true,"href":"https:\/\/mitjavilaslowshop.com\/es\/wp-json\/wp\/v2\/media\/72673"}],"wp:attachment":[{"href":"https:\/\/mitjavilaslowshop.com\/es\/wp-json\/wp\/v2\/media?parent=72672"}],"wp:term":[{"taxonomy":"product_brand","embeddable":true,"href":"https:\/\/mitjavilaslowshop.com\/es\/wp-json\/wp\/v2\/product_brand?post=72672"},{"taxonomy":"product_cat","embeddable":true,"href":"https:\/\/mitjavilaslowshop.com\/es\/wp-json\/wp\/v2\/product_cat?post=72672"},{"taxonomy":"product_tag","embeddable":true,"href":"https:\/\/mitjavilaslowshop.com\/es\/wp-json\/wp\/v2\/product_tag?post=72672"}],"curies":[{"name":"wp","href":"https:\/\/api.w.org\/{rel}","templated":true}]}}