{"id":72668,"date":"2026-01-04T18:22:25","date_gmt":"2026-01-04T18:22:25","guid":{"rendered":"https:\/\/mitjavilaslowshop.com\/producte\/gomasio-bio-ccpae\/"},"modified":"2026-03-17T13:50:23","modified_gmt":"2026-03-17T13:50:23","slug":"gomasio-ecologico-ccpae","status":"publish","type":"product","link":"https:\/\/mitjavilaslowshop.com\/es\/producte\/gomasio-ecologico-ccpae\/","title":{"rendered":"GOMASIO ECOL\u00d3GICO CCPAE"},"content":{"rendered":"<p>El gomasio ecol\u00f3gico certificado por CCPAE es un condimento japon\u00e9s tradicional hecho con semillas de s\u00e9samo tostado y sal marina. Perfecto para realzar el sabor de tus recetas de manera natural y saludable, este producto 100% org\u00e1nico asegura calidad y autenticidad.<\/p>\n","protected":false},"excerpt":{"rendered":"<p>El gomasio ecol\u00f3gico certificado por CCPAE es un condimento japon\u00e9s tradicional hecho con semillas de s\u00e9samo tostado y sal marina. Perfecto para realzar el sabor de tus recetas de manera natural y saludable, este producto 100% org\u00e1nico asegura calidad y autenticidad.<\/p>\n","protected":false},"featured_media":72669,"comment_status":"open","ping_status":"closed","template":"","meta":{"_acf_changed":false,"_joinchat":[]},"product_brand":[],"product_cat":[345],"product_tag":[],"class_list":{"0":"post-72668","1":"product","2":"type-product","3":"status-publish","4":"has-post-thumbnail","6":"product_cat-semillas","8":"first","9":"outofstock","10":"taxable","11":"shipping-taxable","12":"purchasable","13":"product-type-simple"},"acf":[],"_links":{"self":[{"href":"https:\/\/mitjavilaslowshop.com\/es\/wp-json\/wp\/v2\/product\/72668","targetHints":{"allow":["GET"]}}],"collection":[{"href":"https:\/\/mitjavilaslowshop.com\/es\/wp-json\/wp\/v2\/product"}],"about":[{"href":"https:\/\/mitjavilaslowshop.com\/es\/wp-json\/wp\/v2\/types\/product"}],"replies":[{"embeddable":true,"href":"https:\/\/mitjavilaslowshop.com\/es\/wp-json\/wp\/v2\/comments?post=72668"}],"version-history":[{"count":4,"href":"https:\/\/mitjavilaslowshop.com\/es\/wp-json\/wp\/v2\/product\/72668\/revisions"}],"predecessor-version":[{"id":79271,"href":"https:\/\/mitjavilaslowshop.com\/es\/wp-json\/wp\/v2\/product\/72668\/revisions\/79271"}],"wp:featuredmedia":[{"embeddable":true,"href":"https:\/\/mitjavilaslowshop.com\/es\/wp-json\/wp\/v2\/media\/72669"}],"wp:attachment":[{"href":"https:\/\/mitjavilaslowshop.com\/es\/wp-json\/wp\/v2\/media?parent=72668"}],"wp:term":[{"taxonomy":"product_brand","embeddable":true,"href":"https:\/\/mitjavilaslowshop.com\/es\/wp-json\/wp\/v2\/product_brand?post=72668"},{"taxonomy":"product_cat","embeddable":true,"href":"https:\/\/mitjavilaslowshop.com\/es\/wp-json\/wp\/v2\/product_cat?post=72668"},{"taxonomy":"product_tag","embeddable":true,"href":"https:\/\/mitjavilaslowshop.com\/es\/wp-json\/wp\/v2\/product_tag?post=72668"}],"curies":[{"name":"wp","href":"https:\/\/api.w.org\/{rel}","templated":true}]}}