{"id":72660,"date":"2026-01-04T18:22:26","date_gmt":"2026-01-04T18:22:26","guid":{"rendered":"https:\/\/mitjavilaslowshop.com\/producte\/pure-de-patata\/"},"modified":"2026-03-17T13:50:22","modified_gmt":"2026-03-17T13:50:22","slug":"pure-de-patata","status":"publish","type":"product","link":"https:\/\/mitjavilaslowshop.com\/es\/producte\/pure-de-patata\/","title":{"rendered":"PUR\u00c9 DE PATATA"},"content":{"rendered":"<p>Disfruta del aut\u00e9ntico sabor del pur\u00e9 de patata a granel, 100% natural, sin aditivos ni gluten. Perfecto para una alimentaci\u00f3n saludable y sostenible.<br \/> Para prepararlo, calienta 250 ml de agua o leche, a\u00f1ade 50 g de pur\u00e9, mezcla bien y sazona al gusto. Cremoso, r\u00e1pido y delicioso.<\/p>\n<p> Origen: Nacional<\/p>\n","protected":false},"excerpt":{"rendered":"<p>Disfruta del aut\u00e9ntico sabor del pur\u00e9 de patata a granel, 100% natural, sin aditivos ni gluten. Perfecto para una alimentaci\u00f3n saludable y sostenible. Para prepararlo, calienta 250 ml de agua o leche, a\u00f1ade 50 g de pur\u00e9, mezcla bien y sazona al gusto. Cremoso, r\u00e1pido y delicioso. Origen: Nacional<\/p>\n","protected":false},"featured_media":72661,"comment_status":"open","ping_status":"closed","template":"","meta":{"_acf_changed":false,"_joinchat":[]},"product_brand":[],"product_cat":[343],"product_tag":[],"class_list":{"0":"post-72660","1":"product","2":"type-product","3":"status-publish","4":"has-post-thumbnail","6":"product_cat-harinas","8":"first","9":"instock","10":"taxable","11":"shipping-taxable","12":"purchasable","13":"product-type-variable","14":"has-default-attributes"},"acf":[],"_links":{"self":[{"href":"https:\/\/mitjavilaslowshop.com\/es\/wp-json\/wp\/v2\/product\/72660","targetHints":{"allow":["GET"]}}],"collection":[{"href":"https:\/\/mitjavilaslowshop.com\/es\/wp-json\/wp\/v2\/product"}],"about":[{"href":"https:\/\/mitjavilaslowshop.com\/es\/wp-json\/wp\/v2\/types\/product"}],"replies":[{"embeddable":true,"href":"https:\/\/mitjavilaslowshop.com\/es\/wp-json\/wp\/v2\/comments?post=72660"}],"version-history":[{"count":4,"href":"https:\/\/mitjavilaslowshop.com\/es\/wp-json\/wp\/v2\/product\/72660\/revisions"}],"predecessor-version":[{"id":79269,"href":"https:\/\/mitjavilaslowshop.com\/es\/wp-json\/wp\/v2\/product\/72660\/revisions\/79269"}],"wp:featuredmedia":[{"embeddable":true,"href":"https:\/\/mitjavilaslowshop.com\/es\/wp-json\/wp\/v2\/media\/72661"}],"wp:attachment":[{"href":"https:\/\/mitjavilaslowshop.com\/es\/wp-json\/wp\/v2\/media?parent=72660"}],"wp:term":[{"taxonomy":"product_brand","embeddable":true,"href":"https:\/\/mitjavilaslowshop.com\/es\/wp-json\/wp\/v2\/product_brand?post=72660"},{"taxonomy":"product_cat","embeddable":true,"href":"https:\/\/mitjavilaslowshop.com\/es\/wp-json\/wp\/v2\/product_cat?post=72660"},{"taxonomy":"product_tag","embeddable":true,"href":"https:\/\/mitjavilaslowshop.com\/es\/wp-json\/wp\/v2\/product_tag?post=72660"}],"curies":[{"name":"wp","href":"https:\/\/api.w.org\/{rel}","templated":true}]}}