{"id":72640,"date":"2026-01-04T18:22:29","date_gmt":"2026-01-04T18:22:29","guid":{"rendered":"https:\/\/mitjavilaslowshop.com\/producte\/farina-blat-de-moro\/"},"modified":"2026-04-10T11:15:45","modified_gmt":"2026-04-10T11:15:45","slug":"harina-de-maiz","status":"publish","type":"product","link":"https:\/\/mitjavilaslowshop.com\/es\/producte\/harina-de-maiz\/","title":{"rendered":"HARINA DE MA\u00cdZ"},"content":{"rendered":"<p>La harina de ma\u00edz es una harina natural y vers\u00e1til obtenida a partir del grano de ma\u00edz molido. De textura fina y sabor suave, es muy utilizada en una amplia variedad de recetas tradicionales y modernas.<\/p>\n<p>Es ideal para preparar rebozados, masas, pan de ma\u00edz, galletas o como espesante en salsas y cremas. Naturalmente sin gluten, es una excelente alternativa para personas con intolerancia al gluten.<\/p>\n","protected":false},"excerpt":{"rendered":"<p>La harina de ma\u00edz es una harina natural y vers\u00e1til obtenida a partir del grano de ma\u00edz molido. De textura fina y sabor suave, es muy utilizada en una amplia variedad de recetas tradicionales y modernas.<\/p>\n<p>Es ideal para preparar rebozados, masas, pan de ma\u00edz, galletas o como espesante en salsas y cremas. Naturalmente sin gluten, es una excelente alternativa para personas con intolerancia al gluten.<\/p>\n","protected":false},"featured_media":72641,"comment_status":"open","ping_status":"closed","template":"","meta":{"_acf_changed":false,"_joinchat":[]},"product_brand":[440],"product_cat":[343],"product_tag":[],"class_list":{"0":"post-72640","1":"product","2":"type-product","3":"status-publish","4":"has-post-thumbnail","6":"product_brand-ecologic","7":"product_cat-harinas","8":"categoria-per-dieta-ecologic","10":"first","11":"instock","12":"taxable","13":"shipping-taxable","14":"purchasable","15":"product-type-variable","16":"has-default-attributes"},"acf":[],"_links":{"self":[{"href":"https:\/\/mitjavilaslowshop.com\/es\/wp-json\/wp\/v2\/product\/72640","targetHints":{"allow":["GET"]}}],"collection":[{"href":"https:\/\/mitjavilaslowshop.com\/es\/wp-json\/wp\/v2\/product"}],"about":[{"href":"https:\/\/mitjavilaslowshop.com\/es\/wp-json\/wp\/v2\/types\/product"}],"replies":[{"embeddable":true,"href":"https:\/\/mitjavilaslowshop.com\/es\/wp-json\/wp\/v2\/comments?post=72640"}],"version-history":[{"count":7,"href":"https:\/\/mitjavilaslowshop.com\/es\/wp-json\/wp\/v2\/product\/72640\/revisions"}],"predecessor-version":[{"id":91312,"href":"https:\/\/mitjavilaslowshop.com\/es\/wp-json\/wp\/v2\/product\/72640\/revisions\/91312"}],"wp:featuredmedia":[{"embeddable":true,"href":"https:\/\/mitjavilaslowshop.com\/es\/wp-json\/wp\/v2\/media\/72641"}],"wp:attachment":[{"href":"https:\/\/mitjavilaslowshop.com\/es\/wp-json\/wp\/v2\/media?parent=72640"}],"wp:term":[{"taxonomy":"product_brand","embeddable":true,"href":"https:\/\/mitjavilaslowshop.com\/es\/wp-json\/wp\/v2\/product_brand?post=72640"},{"taxonomy":"product_cat","embeddable":true,"href":"https:\/\/mitjavilaslowshop.com\/es\/wp-json\/wp\/v2\/product_cat?post=72640"},{"taxonomy":"product_tag","embeddable":true,"href":"https:\/\/mitjavilaslowshop.com\/es\/wp-json\/wp\/v2\/product_tag?post=72640"}],"curies":[{"name":"wp","href":"https:\/\/api.w.org\/{rel}","templated":true}]}}