{"id":72616,"date":"2026-01-04T18:22:32","date_gmt":"2026-01-04T18:22:32","guid":{"rendered":"https:\/\/mitjavilaslowshop.com\/producte\/farina-tempura\/"},"modified":"2026-04-08T18:44:06","modified_gmt":"2026-04-08T18:44:06","slug":"harina-para-tempura","status":"publish","type":"product","link":"https:\/\/mitjavilaslowshop.com\/es\/producte\/harina-para-tempura\/","title":{"rendered":"HARINA PARA TEMPURA"},"content":{"rendered":"<p>La harina de tempura es ideal para conseguir rebozados ligeros, crujientes y delicados al estilo japon\u00e9s. Especialmente formulada para frituras, permite obtener una textura aireada y fina que realza el sabor de los alimentos sin enmascararlos.<\/p>\n<p>Perfecta para preparar verduras, pescado, marisco y otras elaboraciones, la harina de tempura garantiza un resultado dorado y crujiente con una m\u00ednima absorci\u00f3n de aceite. Una excelente opci\u00f3n para una cocina ligera y sabrosa.<\/p>\n","protected":false},"excerpt":{"rendered":"<p>La harina de tempura es ideal para conseguir rebozados ligeros, crujientes y delicados al estilo japon\u00e9s. Especialmente formulada para frituras, permite obtener una textura aireada y fina que realza el sabor de los alimentos sin enmascararlos.<\/p>\n<p>Perfecta para preparar verduras, pescado, marisco y otras elaboraciones, la harina de tempura garantiza un resultado dorado y crujiente con una m\u00ednima absorci\u00f3n de aceite. Una excelente opci\u00f3n para una cocina ligera y sabrosa.<\/p>\n","protected":false},"featured_media":72617,"comment_status":"open","ping_status":"closed","template":"","meta":{"_acf_changed":false,"_joinchat":[]},"product_brand":[440],"product_cat":[343],"product_tag":[],"class_list":{"0":"post-72616","1":"product","2":"type-product","3":"status-publish","4":"has-post-thumbnail","6":"product_brand-ecologic","7":"product_cat-harinas","8":"categoria-per-dieta-ecologic","10":"first","11":"instock","12":"taxable","13":"shipping-taxable","14":"purchasable","15":"product-type-variable","16":"has-default-attributes"},"acf":[],"_links":{"self":[{"href":"https:\/\/mitjavilaslowshop.com\/es\/wp-json\/wp\/v2\/product\/72616","targetHints":{"allow":["GET"]}}],"collection":[{"href":"https:\/\/mitjavilaslowshop.com\/es\/wp-json\/wp\/v2\/product"}],"about":[{"href":"https:\/\/mitjavilaslowshop.com\/es\/wp-json\/wp\/v2\/types\/product"}],"replies":[{"embeddable":true,"href":"https:\/\/mitjavilaslowshop.com\/es\/wp-json\/wp\/v2\/comments?post=72616"}],"version-history":[{"count":5,"href":"https:\/\/mitjavilaslowshop.com\/es\/wp-json\/wp\/v2\/product\/72616\/revisions"}],"predecessor-version":[{"id":91128,"href":"https:\/\/mitjavilaslowshop.com\/es\/wp-json\/wp\/v2\/product\/72616\/revisions\/91128"}],"wp:featuredmedia":[{"embeddable":true,"href":"https:\/\/mitjavilaslowshop.com\/es\/wp-json\/wp\/v2\/media\/72617"}],"wp:attachment":[{"href":"https:\/\/mitjavilaslowshop.com\/es\/wp-json\/wp\/v2\/media?parent=72616"}],"wp:term":[{"taxonomy":"product_brand","embeddable":true,"href":"https:\/\/mitjavilaslowshop.com\/es\/wp-json\/wp\/v2\/product_brand?post=72616"},{"taxonomy":"product_cat","embeddable":true,"href":"https:\/\/mitjavilaslowshop.com\/es\/wp-json\/wp\/v2\/product_cat?post=72616"},{"taxonomy":"product_tag","embeddable":true,"href":"https:\/\/mitjavilaslowshop.com\/es\/wp-json\/wp\/v2\/product_tag?post=72616"}],"curies":[{"name":"wp","href":"https:\/\/api.w.org\/{rel}","templated":true}]}}