{"id":72600,"date":"2026-01-04T18:22:34","date_gmt":"2026-01-04T18:22:34","guid":{"rendered":"https:\/\/mitjavilaslowshop.com\/producte\/farina-civada\/"},"modified":"2026-04-08T17:47:36","modified_gmt":"2026-04-08T17:47:36","slug":"harina-de-avena","status":"publish","type":"product","link":"https:\/\/mitjavilaslowshop.com\/es\/producte\/harina-de-avena\/","title":{"rendered":"HARINA DE AVENA"},"content":{"rendered":"<p>La harina de avena es una opci\u00f3n nutritiva y vers\u00e1til ideal para una alimentaci\u00f3n saludable. Elaborada a partir de avena molida, destaca por su alto contenido en fibra, especialmente betaglucanos, que ayudan a mantener una buena salud digestiva.<\/p>\n<p>Perfecta para preparar pancakes, galletas, panes y otras recetas tanto dulces como saladas, la harina de avena aporta una textura suave y un sabor ligeramente dulce. Es una excelente alternativa para enriquecer cualquier dieta equilibrada.<\/p>\n","protected":false},"excerpt":{"rendered":"<p>La harina de avena es una opci\u00f3n nutritiva y vers\u00e1til ideal para una alimentaci\u00f3n saludable. Elaborada a partir de avena molida, destaca por su alto contenido en fibra, especialmente betaglucanos, que ayudan a mantener una buena salud digestiva.<\/p>\n<p>Perfecta para preparar pancakes, galletas, panes y otras recetas tanto dulces como saladas, la harina de avena aporta una textura suave y un sabor ligeramente dulce. Es una excelente alternativa para enriquecer cualquier dieta equilibrada.<\/p>\n","protected":false},"featured_media":72601,"comment_status":"open","ping_status":"closed","template":"","meta":{"_acf_changed":false,"_joinchat":[]},"product_brand":[440],"product_cat":[343],"product_tag":[],"class_list":{"0":"post-72600","1":"product","2":"type-product","3":"status-publish","4":"has-post-thumbnail","6":"product_brand-ecologic","7":"product_cat-harinas","8":"categoria-per-dieta-ecologic","10":"first","11":"instock","12":"taxable","13":"shipping-taxable","14":"purchasable","15":"product-type-variable","16":"has-default-attributes"},"acf":[],"_links":{"self":[{"href":"https:\/\/mitjavilaslowshop.com\/es\/wp-json\/wp\/v2\/product\/72600","targetHints":{"allow":["GET"]}}],"collection":[{"href":"https:\/\/mitjavilaslowshop.com\/es\/wp-json\/wp\/v2\/product"}],"about":[{"href":"https:\/\/mitjavilaslowshop.com\/es\/wp-json\/wp\/v2\/types\/product"}],"replies":[{"embeddable":true,"href":"https:\/\/mitjavilaslowshop.com\/es\/wp-json\/wp\/v2\/comments?post=72600"}],"version-history":[{"count":7,"href":"https:\/\/mitjavilaslowshop.com\/es\/wp-json\/wp\/v2\/product\/72600\/revisions"}],"predecessor-version":[{"id":91005,"href":"https:\/\/mitjavilaslowshop.com\/es\/wp-json\/wp\/v2\/product\/72600\/revisions\/91005"}],"wp:featuredmedia":[{"embeddable":true,"href":"https:\/\/mitjavilaslowshop.com\/es\/wp-json\/wp\/v2\/media\/72601"}],"wp:attachment":[{"href":"https:\/\/mitjavilaslowshop.com\/es\/wp-json\/wp\/v2\/media?parent=72600"}],"wp:term":[{"taxonomy":"product_brand","embeddable":true,"href":"https:\/\/mitjavilaslowshop.com\/es\/wp-json\/wp\/v2\/product_brand?post=72600"},{"taxonomy":"product_cat","embeddable":true,"href":"https:\/\/mitjavilaslowshop.com\/es\/wp-json\/wp\/v2\/product_cat?post=72600"},{"taxonomy":"product_tag","embeddable":true,"href":"https:\/\/mitjavilaslowshop.com\/es\/wp-json\/wp\/v2\/product_tag?post=72600"}],"curies":[{"name":"wp","href":"https:\/\/api.w.org\/{rel}","templated":true}]}}