{"id":72576,"date":"2026-01-04T18:22:37","date_gmt":"2026-01-04T18:22:37","guid":{"rendered":"https:\/\/mitjavilaslowshop.com\/producte\/sucre-bru-de-canya-demerara-eco\/"},"modified":"2026-03-28T19:42:34","modified_gmt":"2026-03-28T19:42:34","slug":"azucar-crudo-de-cana-demerara-eco","status":"publish","type":"product","link":"https:\/\/mitjavilaslowshop.com\/es\/producte\/azucar-crudo-de-cana-demerara-eco\/","title":{"rendered":"AZ\u00daCAR CRUDO DE CA\u00d1A DEMERARA ECO"},"content":{"rendered":"<p>El Az\u00facar Moreno de Ca\u00f1a Demerara ecol\u00f3gico es un az\u00facar integral de ca\u00f1a procedente de agricultura ecol\u00f3gica. Con su color dorado y textura crujiente, es ideal para endulzar caf\u00e9s, infusiones, postres y recetas de reposter\u00eda. Este az\u00facar conserva todos los nutrientes naturales de la ca\u00f1a, aportando un toque arom\u00e1tico y caramelizado que le diferencia de los az\u00facares refinados. Perfecto para una alimentaci\u00f3n m\u00e1s saludable, sostenible y respetuosa con el medio ambiente.<br \/>\nOrigen: Europa<\/p>\n","protected":false},"excerpt":{"rendered":"<p>El Az\u00facar Moreno de Ca\u00f1a Demerara ecol\u00f3gico es un az\u00facar integral de ca\u00f1a procedente de agricultura ecol\u00f3gica. Con su color dorado y textura crujiente, es ideal para endulzar caf\u00e9s, infusiones, postres y recetas de reposter\u00eda.  Este az\u00facar conserva todos los nutrientes naturales de la ca\u00f1a, aportando un toque arom\u00e1tico y caramelizado que le diferencia de los az\u00facares refinados. Perfecto para una alimentaci\u00f3n m\u00e1s saludable, sostenible y respetuosa con el medio ambiente.<br \/>\nOrigen: Europa<\/p>\n","protected":false},"featured_media":72577,"comment_status":"open","ping_status":"closed","template":"","meta":{"_acf_changed":false,"_joinchat":[]},"product_brand":[440,572],"product_cat":[341],"product_tag":[],"class_list":{"0":"post-72576","1":"product","2":"type-product","3":"status-publish","4":"has-post-thumbnail","6":"product_brand-ecologic","7":"product_brand-gourmet","8":"product_cat-azucares","9":"categoria-per-dieta-ecologic","10":"categoria-per-dieta-gourmet","12":"first","13":"instock","14":"taxable","15":"shipping-taxable","16":"purchasable","17":"product-type-variable","18":"has-default-attributes"},"acf":[],"_links":{"self":[{"href":"https:\/\/mitjavilaslowshop.com\/es\/wp-json\/wp\/v2\/product\/72576","targetHints":{"allow":["GET"]}}],"collection":[{"href":"https:\/\/mitjavilaslowshop.com\/es\/wp-json\/wp\/v2\/product"}],"about":[{"href":"https:\/\/mitjavilaslowshop.com\/es\/wp-json\/wp\/v2\/types\/product"}],"replies":[{"embeddable":true,"href":"https:\/\/mitjavilaslowshop.com\/es\/wp-json\/wp\/v2\/comments?post=72576"}],"version-history":[{"count":8,"href":"https:\/\/mitjavilaslowshop.com\/es\/wp-json\/wp\/v2\/product\/72576\/revisions"}],"predecessor-version":[{"id":87299,"href":"https:\/\/mitjavilaslowshop.com\/es\/wp-json\/wp\/v2\/product\/72576\/revisions\/87299"}],"wp:featuredmedia":[{"embeddable":true,"href":"https:\/\/mitjavilaslowshop.com\/es\/wp-json\/wp\/v2\/media\/72577"}],"wp:attachment":[{"href":"https:\/\/mitjavilaslowshop.com\/es\/wp-json\/wp\/v2\/media?parent=72576"}],"wp:term":[{"taxonomy":"product_brand","embeddable":true,"href":"https:\/\/mitjavilaslowshop.com\/es\/wp-json\/wp\/v2\/product_brand?post=72576"},{"taxonomy":"product_cat","embeddable":true,"href":"https:\/\/mitjavilaslowshop.com\/es\/wp-json\/wp\/v2\/product_cat?post=72576"},{"taxonomy":"product_tag","embeddable":true,"href":"https:\/\/mitjavilaslowshop.com\/es\/wp-json\/wp\/v2\/product_tag?post=72576"}],"curies":[{"name":"wp","href":"https:\/\/api.w.org\/{rel}","templated":true}]}}