{"id":72532,"date":"2026-01-04T18:22:43","date_gmt":"2026-01-04T18:22:43","guid":{"rendered":"https:\/\/mitjavilaslowshop.com\/producte\/mel-dels-erms-eco-de-primavera-multifloral\/"},"modified":"2026-03-17T13:50:09","modified_gmt":"2026-03-17T13:50:09","slug":"miel-ecologica-multifloral-de-primavera-mel-dels-erms","status":"publish","type":"product","link":"https:\/\/mitjavilaslowshop.com\/es\/producte\/miel-ecologica-multifloral-de-primavera-mel-dels-erms\/","title":{"rendered":"Miel Ecol\u00f3gica Multifloral de Primavera | Mel dels Erms"},"content":{"rendered":"<p>La miel ecol\u00f3gica multifloral de Erms de Primavera se obtiene de manera artesanal en \u00e1reas naturales protegidas, garantizando un producto respetuoso con el medio ambiente. Esta miel pura, sin aditivos, re\u00fane lo mejor de las flores de primavera para brindarte un alimento natural y saludable.<br \/>Presentada en tarro de 500 g.<\/p>\n","protected":false},"excerpt":{"rendered":"<p>La miel ecol\u00f3gica multifloral de Erms de Primavera se obtiene de manera artesanal en \u00e1reas naturales protegidas, garantizando un producto respetuoso con el medio ambiente. Esta miel pura, sin aditivos, re\u00fane lo mejor de las flores de primavera para brindarte un alimento natural y saludable.Presentada en tarro de 500 g.<\/p>\n","protected":false},"featured_media":72533,"comment_status":"open","ping_status":"closed","template":"","meta":{"_acf_changed":false,"_joinchat":[]},"product_brand":[440],"product_cat":[339],"product_tag":[],"class_list":{"0":"post-72532","1":"product","2":"type-product","3":"status-publish","4":"has-post-thumbnail","6":"product_brand-ecologic","7":"product_cat-mieles","8":"categoria-per-dieta-ecologic","10":"first","11":"instock","12":"taxable","13":"shipping-taxable","14":"purchasable","15":"product-type-simple"},"acf":[],"_links":{"self":[{"href":"https:\/\/mitjavilaslowshop.com\/es\/wp-json\/wp\/v2\/product\/72532","targetHints":{"allow":["GET"]}}],"collection":[{"href":"https:\/\/mitjavilaslowshop.com\/es\/wp-json\/wp\/v2\/product"}],"about":[{"href":"https:\/\/mitjavilaslowshop.com\/es\/wp-json\/wp\/v2\/types\/product"}],"replies":[{"embeddable":true,"href":"https:\/\/mitjavilaslowshop.com\/es\/wp-json\/wp\/v2\/comments?post=72532"}],"version-history":[{"count":6,"href":"https:\/\/mitjavilaslowshop.com\/es\/wp-json\/wp\/v2\/product\/72532\/revisions"}],"predecessor-version":[{"id":81613,"href":"https:\/\/mitjavilaslowshop.com\/es\/wp-json\/wp\/v2\/product\/72532\/revisions\/81613"}],"wp:featuredmedia":[{"embeddable":true,"href":"https:\/\/mitjavilaslowshop.com\/es\/wp-json\/wp\/v2\/media\/72533"}],"wp:attachment":[{"href":"https:\/\/mitjavilaslowshop.com\/es\/wp-json\/wp\/v2\/media?parent=72532"}],"wp:term":[{"taxonomy":"product_brand","embeddable":true,"href":"https:\/\/mitjavilaslowshop.com\/es\/wp-json\/wp\/v2\/product_brand?post=72532"},{"taxonomy":"product_cat","embeddable":true,"href":"https:\/\/mitjavilaslowshop.com\/es\/wp-json\/wp\/v2\/product_cat?post=72532"},{"taxonomy":"product_tag","embeddable":true,"href":"https:\/\/mitjavilaslowshop.com\/es\/wp-json\/wp\/v2\/product_tag?post=72532"}],"curies":[{"name":"wp","href":"https:\/\/api.w.org\/{rel}","templated":true}]}}